{"id":1598,"date":"2020-03-30T16:02:14","date_gmt":"2020-03-30T14:02:14","guid":{"rendered":"https:\/\/bycloud.fr\/solutions\/?page_id=1598"},"modified":"2025-12-04T13:48:07","modified_gmt":"2025-12-04T12:48:07","slug":"freebox","status":"publish","type":"page","link":"https:\/\/bycloud.fr\/solutions\/freebox\/","title":{"rendered":"Box Internet"},"content":{"rendered":"\r\n<p>Ce tutoriel a pour but de vous aider \u00e0 vous auto-h\u00e9berger<\/p>\r\n<h2>Chez free<\/h2>\r\n<p style=\"text-align: justify;\">\u00e0 d\u00e9faut d&rsquo;augmenter les fonctions de votre Freebox, ce mini tuto reste \u00e0 tire informatif, au m\u00eame titre que votre GPS de voiture qui vous dit : que cela n&rsquo;engage que votre responsabilit\u00e9.<\/p>\r\n\r\n\r\n\r\n<h3>Box Mini4K<\/h3>\r\n<h4>Acc\u00e8s distant<\/h4>\r\n<p style=\"text-align: justify;\">configurable par tout abonn\u00e9 de Free depuis son espace client, il est possible de passer par une page de configuration alternative <a href=\"http:\/\/mafreebox.freebox.fr\/login.php\" target=\"_blank\" rel=\"noreferrer noopener\" aria-label=\"freebox.os.free.fr (s\u2019ouvre dans un nouvel onglet)\">freebox.os.free.fr<\/a> afin d&rsquo;avoir acc\u00e8s \u00e0 de plus de fonctionnalit\u00e9s !<\/p>\r\n\r\n\r\n\r\n\r\n\r\n<p style=\"text-align: justify;\">La premi\u00e8re \u00e9tape demande un acc\u00e8s physique \u00e0 sa box pour cr\u00e9er un mot de passe s\u00e9curis\u00e9 puis cliquez sur Premi\u00e8re connexion cela ouvrira une fen\u00eatre de ce style :<\/p>\r\n<p>&nbsp;<\/p>\r\n\r\n\r\n\r\n<figure class=\"wp-block-image size-large\">\r\n<div id=\"attachment_1599\" style=\"width: 599px\" class=\"wp-caption aligncenter\"><img loading=\"lazy\" decoding=\"async\" aria-describedby=\"caption-attachment-1599\" class=\"wp-image-1599\" src=\"https:\/\/bycloud.fr\/solutions\/wp-content\/uploads\/2020\/03\/FreeBox_Mini4K_photo-02.png\" alt=\"Page d'accueil avant changement de mot de passe\" width=\"589\" height=\"184\" srcset=\"https:\/\/bycloud.fr\/solutions\/wp-content\/uploads\/2020\/03\/FreeBox_Mini4K_photo-02.png 589w, https:\/\/bycloud.fr\/solutions\/wp-content\/uploads\/2020\/03\/FreeBox_Mini4K_photo-02-300x94.png 300w\" sizes=\"auto, (max-width: 599px) calc(100vw - 50px), (max-width: 767px) calc(100vw - 70px), (max-width: 991px) 429px, (max-width: 1199px) 637px, 354px\" \/><p id=\"caption-attachment-1599\" class=\"wp-caption-text\">Capture d&rsquo;\u00e9cran de la premi\u00e8re connexion &#8211; Mode invit\u00e9<\/p><\/div>\r\n<\/figure>\r\n\r\n\r\n\r\n<p>&nbsp;<\/p>\r\n<p>Une fois cliqu\u00e9 sur Premi\u00e8re connexion, il faudra valider via le l&rsquo;id\u00e9ogramme &gt; en jaune sur la photographie ci-apr\u00e8s :<\/p>\r\n<p>&nbsp;<\/p>\r\n\r\n\r\n\r\n<figure class=\"wp-block-image size-large\">\r\n<div id=\"attachment_1600\" style=\"width: 1034px\" class=\"wp-caption aligncenter\"><img loading=\"lazy\" decoding=\"async\" aria-describedby=\"caption-attachment-1600\" class=\"wp-image-1600\" src=\"https:\/\/bycloud.fr\/solutions\/wp-content\/uploads\/2020\/03\/FreeBox_Mini4K_photo-04_1024x512pix.png\" alt=\"Capture d'\u00e9cran d'autorisation de changement de mot de passe - Non &lt; &gt; Oui\" width=\"1024\" height=\"512\" srcset=\"https:\/\/bycloud.fr\/solutions\/wp-content\/uploads\/2020\/03\/FreeBox_Mini4K_photo-04_1024x512pix.png 1024w, https:\/\/bycloud.fr\/solutions\/wp-content\/uploads\/2020\/03\/FreeBox_Mini4K_photo-04_1024x512pix-300x150.png 300w, https:\/\/bycloud.fr\/solutions\/wp-content\/uploads\/2020\/03\/FreeBox_Mini4K_photo-04_1024x512pix-768x384.png 768w, https:\/\/bycloud.fr\/solutions\/wp-content\/uploads\/2020\/03\/FreeBox_Mini4K_photo-04_1024x512pix-800x400.png 800w\" sizes=\"auto, (max-width: 599px) calc(100vw - 50px), (max-width: 767px) calc(100vw - 70px), (max-width: 991px) 429px, (max-width: 1199px) 637px, 354px\" \/><p id=\"caption-attachment-1600\" class=\"wp-caption-text\">Capture d&rsquo;\u00e9cran d&rsquo;autorisation de changement de mot de passe &#8211; Non &lt; &gt; Oui<\/p><\/div>\r\n<\/figure>\r\n\r\n\r\n\r\n<p>&nbsp;<\/p>\r\n<p style=\"text-align: justify;\">Il n&rsquo;y a plus qu&rsquo;\u00e0 mettre un <strong>mot de passe le plus s\u00e9curis\u00e9 possible<\/strong> avec des chiffres, des lettres minuscules &amp; majuscules ainsi que des caract\u00e8res sp\u00e9ciaux, <strong>car votre box sera<\/strong> <strong>accessible de n&rsquo;importe o\u00f9<\/strong> \u00e0 l&rsquo;issue de ce tuto, m\u00eame \u00e0 l&rsquo;autre bout du monde, tant que vous avez une connexion Internet.<\/p>\r\n<p>&nbsp;<\/p>\r\n\r\n\r\n\r\n<figure class=\"wp-block-image size-large\"><img loading=\"lazy\" decoding=\"async\" width=\"531\" height=\"303\" class=\"wp-image-1601 aligncenter\" src=\"https:\/\/bycloud.fr\/solutions\/wp-content\/uploads\/2020\/03\/FreeBox_Mini4K_photo-03.png\" alt=\"\" srcset=\"https:\/\/bycloud.fr\/solutions\/wp-content\/uploads\/2020\/03\/FreeBox_Mini4K_photo-03.png 531w, https:\/\/bycloud.fr\/solutions\/wp-content\/uploads\/2020\/03\/FreeBox_Mini4K_photo-03-300x171.png 300w\" sizes=\"auto, (max-width: 599px) calc(100vw - 50px), (max-width: 767px) calc(100vw - 70px), (max-width: 991px) 429px, (max-width: 1199px) 637px, 354px\" \/><\/figure>\r\n\r\n\r\n\r\n<p>&nbsp;<\/p>\r\n<p>\u00c9tape 2<br \/>Je vous recommande de changer le port d&rsquo;entr\u00e9e de votre Box depuis l&rsquo;ic\u00f4ne <strong>Param\u00e8tres de la Freebox<\/strong><\/p>\r\n<p>&nbsp;<\/p>\r\n\r\n\r\n\r\n<figure class=\"wp-block-image size-large\"><img loading=\"lazy\" decoding=\"async\" width=\"556\" height=\"537\" class=\"wp-image-1602 aligncenter\" src=\"https:\/\/bycloud.fr\/solutions\/wp-content\/uploads\/2020\/03\/FreeBox_Mini4K_photo-05.png\" alt=\"\" srcset=\"https:\/\/bycloud.fr\/solutions\/wp-content\/uploads\/2020\/03\/FreeBox_Mini4K_photo-05.png 556w, https:\/\/bycloud.fr\/solutions\/wp-content\/uploads\/2020\/03\/FreeBox_Mini4K_photo-05-300x290.png 300w\" sizes=\"auto, (max-width: 599px) calc(100vw - 50px), (max-width: 767px) calc(100vw - 70px), (max-width: 991px) 429px, (max-width: 1199px) 637px, 354px\" \/><\/figure>\r\n\r\n\r\n\r\n<p>&nbsp;<\/p>\r\n<p style=\"text-align: justify;\">\u00c9tape 3<br \/>De <strong>remplacer le num\u00e9ro de port 60 489<\/strong> par un autre port situ\u00e9 entre 60 000 et 65 000 pour faire simple et ne pas rentr\u00e9 dans des p\u00e9r\u00e9grinations techniques.<br \/><strong>Important<\/strong> : <strong>Cochez Activer l&rsquo;authentification par mot de passe<\/strong><\/p>\r\n<p>&nbsp;<\/p>\r\n\r\n\r\n\r\n<figure class=\"wp-block-image size-large\"><img loading=\"lazy\" decoding=\"async\" width=\"659\" height=\"464\" class=\"wp-image-1603 aligncenter\" src=\"https:\/\/bycloud.fr\/solutions\/wp-content\/uploads\/2020\/03\/FreeBox_Mini4K_photo-06.png\" alt=\"\" srcset=\"https:\/\/bycloud.fr\/solutions\/wp-content\/uploads\/2020\/03\/FreeBox_Mini4K_photo-06.png 659w, https:\/\/bycloud.fr\/solutions\/wp-content\/uploads\/2020\/03\/FreeBox_Mini4K_photo-06-300x211.png 300w\" sizes=\"auto, (max-width: 599px) calc(100vw - 50px), (max-width: 767px) calc(100vw - 70px), (max-width: 991px) 429px, (max-width: 1199px) 637px, 354px\" \/><\/figure>\r\n\r\n\r\n\r\n<p>&nbsp;<\/p>\r\n<p>\u00c9tape 4<br \/>Depuis l&rsquo;onglet Mode avanc\u00e9 &gt; Gestion des ports &gt; Connexions entrantes &gt; modifier le port 62207 pour ne plus [ ] Autoriser les connexions entrantes, ici pas de capture d&rsquo;\u00e9cran car ma Box n&rsquo;est pas en mode routeur.<\/p>\r\n<p>&nbsp;<\/p>\r\n\r\n\r\n\r\n<p>\u00c9tape 5<br \/>Depuis l&rsquo;onglet Mode Simplifi\u00e9 &gt; Gestion des acc\u00e8s <br \/>Je vous recommande de <strong>D\u00e9sactiver le mode invit\u00e9<\/strong><\/p>\r\n\r\n\r\n\r\n<p>&nbsp;<\/p>\r\n<h4>Ouverture des port<\/h4>\r\n<p>Cet \u00e9tape n&rsquo;est pas d\u00e9taill\u00e9e ici, car je ne suis plus chez Free<\/p>\r\n<p>&nbsp;<\/p>\r\n<h2>Chez BouyguesTelecom<\/h2>\r\n<h3>Box Fast5330b-r1<\/h3>\r\n<h4>Acc\u00e8s distant<\/h4>\r\n<p>&nbsp;<\/p>\r\n<p>Manque \u00c9tape de premi\u00e8re connexion<\/p>\r\n<p>&nbsp;<\/p>\r\n<p style=\"text-align: justify;\">https:\/\/votre-adresse-IP:port\/reglage_avances<\/p>\r\n<p style=\"text-align: justify;\">Voici les d\u00e9tailles des champs de Param\u00e8tres avanc\u00e9s :<\/p>\r\n<p style=\"text-align: justify;\"><strong>Adresse\u00a0 IPv4 :<\/strong> IP de votre BOX je prendrai comme exemple cette adresse IPv4 10.20.30.40\u00a0<\/p>\r\n<p style=\"text-align: justify;\"><strong>Adresse\u00a0 IPv6 :<\/strong> Cliquez sur G\u00e9n\u00e9rer une adresse IPv6<\/p>\r\n<p style=\"text-align: justify;\"><strong>Port d&rsquo;\u00e9coute :<\/strong> entre 60 000 et 65 000 (l\u00e0 encore pour faire simple) ie 62000<\/p>\r\n<p style=\"text-align: justify;\">Vous pourrez ensuite vous connecter via votre Navigateur WEB Firefox sur\u00a0<\/p>\r\n<p style=\"text-align: justify;\"><strong>https:\/\/10.20.30.40:62000<\/strong><\/p>\r\n<p style=\"text-align: justify;\">ou\u00a0<\/p>\r\n<p style=\"text-align: justify;\"><strong>https:\/\/[2001:123:2c12:460::d:8c]:62000<\/strong><\/p>\r\n<p style=\"text-align: justify;\">Vous aurez un message d&rsquo;erreur de type : <strong>Votre connexion n&rsquo;est pas priv\u00e9e<\/strong> NET:::ERR_CERT_COMMON_NAME_INVALID cel\u00e0 vient du fait que nos Box n&rsquo;ont pas de certificat aupr\u00e8s de Let&rsquo;s Encrypt ou une autre autorit\u00e9 de certification<\/p>\r\n<p style=\"text-align: justify;\">Il vous faudra cliquer sur : <strong>Continuer vers 10.20.30.40 (non s\u00e9curis\u00e9)<\/strong><\/p>\r\n<p style=\"text-align: justify;\">Il est aussi int\u00e9ressant d&rsquo;activer le PROXY WOL pour allumer notre serveur depuis notre lieu de vill\u00e9giature pr\u00e9f\u00e9r\u00e9 en cas d&rsquo;extinction intempestif.<\/p>","protected":false},"excerpt":{"rendered":"<p>Ce tutoriel a pour but de vous aider \u00e0 vous auto-h\u00e9berger Chez free \u00e0 d\u00e9faut d&rsquo;augmenter les fonctions de votre Freebox, ce mini tuto reste \u00e0 tire informatif, au m\u00eame titre que votre GPS de voiture qui vous dit : que cela n&rsquo;engage que votre responsabilit\u00e9. Box Mini4K Acc\u00e8s distant configurable par tout abonn\u00e9 de &#8230;<\/p>\n<a href=\"https:\/\/bycloud.fr\/solutions\/freebox\/\" class=\"read-more-link\">Continue reading <span class=\"screen-reader-text\">\"Box Internet\"<\/span> <span class=\"meta-nav\">&rarr;<\/span><\/a>","protected":false},"author":1,"featured_media":0,"parent":0,"menu_order":0,"comment_status":"closed","ping_status":"closed","template":"","meta":{"footnotes":""},"class_list":["post-1598","page","type-page","status-publish","hentry","penguin-post","penguin-post-not-sticky"],"yoast_head":"<!-- This site is optimized with the Yoast SEO plugin v27.4 - https:\/\/yoast.com\/product\/yoast-seo-wordpress\/ -->\n<title>Box Internet - bYcloud.fr<\/title>\n<meta name=\"robots\" content=\"index, follow, max-snippet:-1, max-image-preview:large, max-video-preview:-1\" \/>\n<link rel=\"canonical\" href=\"https:\/\/bycloud.fr\/solutions\/freebox\/\" \/>\n<meta property=\"og:locale\" content=\"fr_FR\" \/>\n<meta property=\"og:type\" content=\"article\" \/>\n<meta property=\"og:title\" content=\"Box Internet - bYcloud.fr\" \/>\n<meta property=\"og:description\" content=\"Ce tutoriel a pour but de vous aider \u00e0 vous auto-h\u00e9berger Chez free \u00e0 d\u00e9faut d&rsquo;augmenter les fonctions de votre Freebox, ce mini tuto reste \u00e0 tire informatif, au m\u00eame titre que votre GPS de voiture qui vous dit : que cela n&rsquo;engage que votre responsabilit\u00e9. Box Mini4K Acc\u00e8s distant configurable par tout abonn\u00e9 de ...\" \/>\n<meta property=\"og:url\" content=\"https:\/\/bycloud.fr\/solutions\/freebox\/\" \/>\n<meta property=\"og:site_name\" content=\"bYcloud.fr\" \/>\n<meta property=\"article:modified_time\" content=\"2025-12-04T12:48:07+00:00\" \/>\n<meta property=\"og:image\" content=\"https:\/\/bycloud.fr\/solutions\/wp-content\/uploads\/2020\/03\/FreeBox_Mini4K_photo-02.png\" \/>\n<meta name=\"twitter:card\" content=\"summary_large_image\" \/>\n<meta name=\"twitter:label1\" content=\"Dur\u00e9e de lecture estim\u00e9e\" \/>\n\t<meta name=\"twitter:data1\" content=\"4 minutes\" \/>\n<script type=\"application\/ld+json\" class=\"yoast-schema-graph\">{\"@context\":\"https:\\\/\\\/schema.org\",\"@graph\":[{\"@type\":\"WebPage\",\"@id\":\"https:\\\/\\\/bycloud.fr\\\/solutions\\\/freebox\\\/\",\"url\":\"https:\\\/\\\/bycloud.fr\\\/solutions\\\/freebox\\\/\",\"name\":\"Box Internet - bYcloud.fr\",\"isPartOf\":{\"@id\":\"https:\\\/\\\/bycloud.fr\\\/solutions\\\/#website\"},\"primaryImageOfPage\":{\"@id\":\"https:\\\/\\\/bycloud.fr\\\/solutions\\\/freebox\\\/#primaryimage\"},\"image\":{\"@id\":\"https:\\\/\\\/bycloud.fr\\\/solutions\\\/freebox\\\/#primaryimage\"},\"thumbnailUrl\":\"https:\\\/\\\/bycloud.fr\\\/solutions\\\/wp-content\\\/uploads\\\/2020\\\/03\\\/FreeBox_Mini4K_photo-02.png\",\"datePublished\":\"2020-03-30T14:02:14+00:00\",\"dateModified\":\"2025-12-04T12:48:07+00:00\",\"breadcrumb\":{\"@id\":\"https:\\\/\\\/bycloud.fr\\\/solutions\\\/freebox\\\/#breadcrumb\"},\"inLanguage\":\"fr-FR\",\"potentialAction\":[{\"@type\":\"ReadAction\",\"target\":[\"https:\\\/\\\/bycloud.fr\\\/solutions\\\/freebox\\\/\"]}]},{\"@type\":\"ImageObject\",\"inLanguage\":\"fr-FR\",\"@id\":\"https:\\\/\\\/bycloud.fr\\\/solutions\\\/freebox\\\/#primaryimage\",\"url\":\"https:\\\/\\\/bycloud.fr\\\/solutions\\\/wp-content\\\/uploads\\\/2020\\\/03\\\/FreeBox_Mini4K_photo-02.png\",\"contentUrl\":\"https:\\\/\\\/bycloud.fr\\\/solutions\\\/wp-content\\\/uploads\\\/2020\\\/03\\\/FreeBox_Mini4K_photo-02.png\",\"width\":589,\"height\":184},{\"@type\":\"BreadcrumbList\",\"@id\":\"https:\\\/\\\/bycloud.fr\\\/solutions\\\/freebox\\\/#breadcrumb\",\"itemListElement\":[{\"@type\":\"ListItem\",\"position\":1,\"name\":\"Accueil\",\"item\":\"https:\\\/\\\/bycloud.fr\\\/solutions\\\/\"},{\"@type\":\"ListItem\",\"position\":2,\"name\":\"Box Internet\"}]},{\"@type\":\"WebSite\",\"@id\":\"https:\\\/\\\/bycloud.fr\\\/solutions\\\/#website\",\"url\":\"https:\\\/\\\/bycloud.fr\\\/solutions\\\/\",\"name\":\"bycloud.fr\",\"description\":\"Vous aimerez partager en toute intimit\u00e9\",\"potentialAction\":[{\"@type\":\"SearchAction\",\"target\":{\"@type\":\"EntryPoint\",\"urlTemplate\":\"https:\\\/\\\/bycloud.fr\\\/solutions\\\/?s={search_term_string}\"},\"query-input\":{\"@type\":\"PropertyValueSpecification\",\"valueRequired\":true,\"valueName\":\"search_term_string\"}}],\"inLanguage\":\"fr-FR\"}]}<\/script>\n<!-- \/ Yoast SEO plugin. -->","yoast_head_json":{"title":"Box Internet - bYcloud.fr","robots":{"index":"index","follow":"follow","max-snippet":"max-snippet:-1","max-image-preview":"max-image-preview:large","max-video-preview":"max-video-preview:-1"},"canonical":"https:\/\/bycloud.fr\/solutions\/freebox\/","og_locale":"fr_FR","og_type":"article","og_title":"Box Internet - bYcloud.fr","og_description":"Ce tutoriel a pour but de vous aider \u00e0 vous auto-h\u00e9berger Chez free \u00e0 d\u00e9faut d&rsquo;augmenter les fonctions de votre Freebox, ce mini tuto reste \u00e0 tire informatif, au m\u00eame titre que votre GPS de voiture qui vous dit : que cela n&rsquo;engage que votre responsabilit\u00e9. Box Mini4K Acc\u00e8s distant configurable par tout abonn\u00e9 de ...","og_url":"https:\/\/bycloud.fr\/solutions\/freebox\/","og_site_name":"bYcloud.fr","article_modified_time":"2025-12-04T12:48:07+00:00","og_image":[{"url":"https:\/\/bycloud.fr\/solutions\/wp-content\/uploads\/2020\/03\/FreeBox_Mini4K_photo-02.png","type":"","width":"","height":""}],"twitter_card":"summary_large_image","twitter_misc":{"Dur\u00e9e de lecture estim\u00e9e":"4 minutes"},"schema":{"@context":"https:\/\/schema.org","@graph":[{"@type":"WebPage","@id":"https:\/\/bycloud.fr\/solutions\/freebox\/","url":"https:\/\/bycloud.fr\/solutions\/freebox\/","name":"Box Internet - bYcloud.fr","isPartOf":{"@id":"https:\/\/bycloud.fr\/solutions\/#website"},"primaryImageOfPage":{"@id":"https:\/\/bycloud.fr\/solutions\/freebox\/#primaryimage"},"image":{"@id":"https:\/\/bycloud.fr\/solutions\/freebox\/#primaryimage"},"thumbnailUrl":"https:\/\/bycloud.fr\/solutions\/wp-content\/uploads\/2020\/03\/FreeBox_Mini4K_photo-02.png","datePublished":"2020-03-30T14:02:14+00:00","dateModified":"2025-12-04T12:48:07+00:00","breadcrumb":{"@id":"https:\/\/bycloud.fr\/solutions\/freebox\/#breadcrumb"},"inLanguage":"fr-FR","potentialAction":[{"@type":"ReadAction","target":["https:\/\/bycloud.fr\/solutions\/freebox\/"]}]},{"@type":"ImageObject","inLanguage":"fr-FR","@id":"https:\/\/bycloud.fr\/solutions\/freebox\/#primaryimage","url":"https:\/\/bycloud.fr\/solutions\/wp-content\/uploads\/2020\/03\/FreeBox_Mini4K_photo-02.png","contentUrl":"https:\/\/bycloud.fr\/solutions\/wp-content\/uploads\/2020\/03\/FreeBox_Mini4K_photo-02.png","width":589,"height":184},{"@type":"BreadcrumbList","@id":"https:\/\/bycloud.fr\/solutions\/freebox\/#breadcrumb","itemListElement":[{"@type":"ListItem","position":1,"name":"Accueil","item":"https:\/\/bycloud.fr\/solutions\/"},{"@type":"ListItem","position":2,"name":"Box Internet"}]},{"@type":"WebSite","@id":"https:\/\/bycloud.fr\/solutions\/#website","url":"https:\/\/bycloud.fr\/solutions\/","name":"bycloud.fr","description":"Vous aimerez partager en toute intimit\u00e9","potentialAction":[{"@type":"SearchAction","target":{"@type":"EntryPoint","urlTemplate":"https:\/\/bycloud.fr\/solutions\/?s={search_term_string}"},"query-input":{"@type":"PropertyValueSpecification","valueRequired":true,"valueName":"search_term_string"}}],"inLanguage":"fr-FR"}]}},"_links":{"self":[{"href":"https:\/\/bycloud.fr\/solutions\/wp-json\/wp\/v2\/pages\/1598","targetHints":{"allow":["GET"]}}],"collection":[{"href":"https:\/\/bycloud.fr\/solutions\/wp-json\/wp\/v2\/pages"}],"about":[{"href":"https:\/\/bycloud.fr\/solutions\/wp-json\/wp\/v2\/types\/page"}],"author":[{"embeddable":true,"href":"https:\/\/bycloud.fr\/solutions\/wp-json\/wp\/v2\/users\/1"}],"replies":[{"embeddable":true,"href":"https:\/\/bycloud.fr\/solutions\/wp-json\/wp\/v2\/comments?post=1598"}],"version-history":[{"count":7,"href":"https:\/\/bycloud.fr\/solutions\/wp-json\/wp\/v2\/pages\/1598\/revisions"}],"predecessor-version":[{"id":2208,"href":"https:\/\/bycloud.fr\/solutions\/wp-json\/wp\/v2\/pages\/1598\/revisions\/2208"}],"wp:attachment":[{"href":"https:\/\/bycloud.fr\/solutions\/wp-json\/wp\/v2\/media?parent=1598"}],"curies":[{"name":"wp","href":"https:\/\/api.w.org\/{rel}","templated":true}]}}