{"id":188,"date":"2018-09-01T12:18:46","date_gmt":"2018-09-01T10:18:46","guid":{"rendered":"https:\/\/bycloud.fr\/solutions\/?page_id=188"},"modified":"2025-12-10T16:13:10","modified_gmt":"2025-12-10T15:13:10","slug":"degooglisons","status":"publish","type":"page","link":"https:\/\/bycloud.fr\/solutions\/degooglisons\/","title":{"rendered":"d\u00e9Googlisons"},"content":{"rendered":"<strong>Yunohost<\/strong>, une r\u00e9elle solution pour <strong>l&rsquo;auto-h\u00e9bergement<\/strong>\r\n<p style=\"text-align: justify;\">comme j&rsquo;en explique succinctement le concept sur ma page d&rsquo;accueil, <strong>l\u2019auto-h\u00e9bergement<\/strong> consiste \u00e0 h\u00e9berger chez soi <strong>son propre serveur<\/strong>. Les enjeux sont de taille : le respect de votre <strong>anonymat<\/strong>, le respect de votre <strong>vie priv\u00e9e<\/strong>, la <strong>r\u00e9appropriation de vos donn\u00e9es et de vos services applicatifs<\/strong>. Quant au d\u00e9fi de la <strong>d\u00e9centralisation<\/strong> des r\u00e9seaux du type Google, Facebook, Amazon, il s\u2019argumente par ce simple constat : ils sont aujourd\u2019hui les d\u00e9tenteurs du monopole. En octobre 2020, le gouvernement am\u00e9ricain lui-m\u00eame a accus\u00e9 le g\u00e9ant de la tech Google d\u2019avoir des pratiques d\u00e9loyales sur deux march\u00e9s qu\u2019il \u00e9crase : celui des moteurs de recherches, et celui de la publicit\u00e9 li\u00e9e \u00e0 ces recherches.<\/p>\r\nAuto-h\u00e9berger c&rsquo;est \u00e9viter cette course aux data-center dont nous pouvons apercevoir l&rsquo;all\u00e9e 34 parmi tant d&rsquo;all\u00e9es et tant de de centre de donn\u00e9es, pour ne parler que de Google.\r\n\r\n<div id=\"attachment_2220\" style=\"width: 850px\" class=\"wp-caption aligncenter\"><a href=\"https:\/\/datacenters.google\/intl\/fr_ALL\/discover-more\/photo-gallery\/\"><img loading=\"lazy\" decoding=\"async\" aria-describedby=\"caption-attachment-2220\" class=\"wp-image-2220 size-large\" src=\"https:\/\/bycloud.fr\/solutions\/wp-content\/uploads\/2025\/12\/WP_BYC_Data-center-GOOGLE_new-albany-data-center-in-central-ohio-1024x628.jpg\" alt=\"All\u00e9e 34 d'un data-center de Google\" width=\"840\" height=\"515\" srcset=\"https:\/\/bycloud.fr\/solutions\/wp-content\/uploads\/2025\/12\/WP_BYC_Data-center-GOOGLE_new-albany-data-center-in-central-ohio-1024x628.jpg 1024w, https:\/\/bycloud.fr\/solutions\/wp-content\/uploads\/2025\/12\/WP_BYC_Data-center-GOOGLE_new-albany-data-center-in-central-ohio-300x184.jpg 300w, https:\/\/bycloud.fr\/solutions\/wp-content\/uploads\/2025\/12\/WP_BYC_Data-center-GOOGLE_new-albany-data-center-in-central-ohio-768x471.jpg 768w, https:\/\/bycloud.fr\/solutions\/wp-content\/uploads\/2025\/12\/WP_BYC_Data-center-GOOGLE_new-albany-data-center-in-central-ohio-1536x942.jpg 1536w, https:\/\/bycloud.fr\/solutions\/wp-content\/uploads\/2025\/12\/WP_BYC_Data-center-GOOGLE_new-albany-data-center-in-central-ohio-2048x1256.jpg 2048w\" sizes=\"auto, (max-width: 599px) calc(100vw - 50px), (max-width: 767px) calc(100vw - 70px), (max-width: 991px) 429px, (max-width: 1199px) 637px, 354px\" \/><\/a><p id=\"caption-attachment-2220\" class=\"wp-caption-text\">Data-center Google &#8211; source : https:\/\/datacenters.google\/intl\/fr_ALL\/discover-more\/photo-gallery\/<\/p><\/div>\r\n\r\n&nbsp;\r\n\r\nPasser \u00e0 <strong>l&rsquo;auto-h\u00e9bergement<\/strong>, cela peut ce repr\u00e9senter ainsi avec un mini-serveur de type Banana-pi sous Debian\r\n\r\n<img loading=\"lazy\" decoding=\"async\" class=\"size-large wp-image-2224\" src=\"https:\/\/bycloud.fr\/solutions\/wp-content\/uploads\/2025\/12\/WP_BYC_BPI-F3_photo-01-1024x576.jpg\" alt=\"\" width=\"840\" height=\"473\" srcset=\"https:\/\/bycloud.fr\/solutions\/wp-content\/uploads\/2025\/12\/WP_BYC_BPI-F3_photo-01-1024x576.jpg 1024w, https:\/\/bycloud.fr\/solutions\/wp-content\/uploads\/2025\/12\/WP_BYC_BPI-F3_photo-01-300x169.jpg 300w, https:\/\/bycloud.fr\/solutions\/wp-content\/uploads\/2025\/12\/WP_BYC_BPI-F3_photo-01-768x432.jpg 768w, https:\/\/bycloud.fr\/solutions\/wp-content\/uploads\/2025\/12\/WP_BYC_BPI-F3_photo-01-1536x864.jpg 1536w, https:\/\/bycloud.fr\/solutions\/wp-content\/uploads\/2025\/12\/WP_BYC_BPI-F3_photo-01-2048x1152.jpg 2048w\" sizes=\"auto, (max-width: 599px) calc(100vw - 50px), (max-width: 767px) calc(100vw - 70px), (max-width: 991px) 429px, (max-width: 1199px) 637px, 354px\" \/>\r\n\r\n&nbsp;\r\n\r\n<!-- \/wp:post-content -->","protected":false},"excerpt":{"rendered":"<p>Yunohost, une r\u00e9elle solution pour l&rsquo;auto-h\u00e9bergement comme j&rsquo;en explique succinctement le concept sur ma page d&rsquo;accueil, l\u2019auto-h\u00e9bergement consiste \u00e0 h\u00e9berger chez soi son propre serveur. Les enjeux sont de taille : le respect de votre anonymat, le respect de votre vie priv\u00e9e, la r\u00e9appropriation de vos donn\u00e9es et de vos services applicatifs. Quant au d\u00e9fi &#8230;<\/p>\n<a href=\"https:\/\/bycloud.fr\/solutions\/degooglisons\/\" class=\"read-more-link\">Continue reading <span class=\"screen-reader-text\">\"d\u00e9Googlisons\"<\/span> <span class=\"meta-nav\">&rarr;<\/span><\/a>","protected":false},"author":1,"featured_media":0,"parent":0,"menu_order":0,"comment_status":"closed","ping_status":"closed","template":"","meta":{"footnotes":""},"class_list":["post-188","page","type-page","status-publish","hentry","penguin-post","penguin-post-not-sticky"],"yoast_head":"<!-- This site is optimized with the Yoast SEO plugin v27.4 - https:\/\/yoast.com\/product\/yoast-seo-wordpress\/ -->\n<title>bYcloud.fr | ici nous d\u00e9Googlisons avec des solutions libres (open-source)<\/title>\n<meta name=\"description\" content=\"Bient\u00f4t votre nouvelle rubrique pour vous aidez \u00e0 quitter Google avec des outils open-source (logiciel libre) salutaires et bienveillants pour intimit\u00e9 !!!\" \/>\n<meta name=\"robots\" content=\"index, follow, max-snippet:-1, max-image-preview:large, max-video-preview:-1\" \/>\n<link rel=\"canonical\" href=\"https:\/\/bycloud.fr\/solutions\/degooglisons\/\" \/>\n<meta property=\"og:locale\" content=\"fr_FR\" \/>\n<meta property=\"og:type\" content=\"article\" \/>\n<meta property=\"og:title\" content=\"bYcloud.fr | ici nous d\u00e9Googlisons avec des solutions libres (open-source)\" \/>\n<meta property=\"og:description\" content=\"Bient\u00f4t votre nouvelle rubrique pour vous aidez \u00e0 quitter Google avec des outils open-source (logiciel libre) salutaires et bienveillants pour intimit\u00e9 !!!\" \/>\n<meta property=\"og:url\" content=\"https:\/\/bycloud.fr\/solutions\/degooglisons\/\" \/>\n<meta property=\"og:site_name\" content=\"bYcloud.fr\" \/>\n<meta property=\"article:modified_time\" content=\"2025-12-10T15:13:10+00:00\" \/>\n<meta property=\"og:image\" content=\"https:\/\/bycloud.fr\/solutions\/wp-content\/uploads\/2025\/12\/WP_BYC_Data-center-GOOGLE_new-albany-data-center-in-central-ohio-1024x628.jpg\" \/>\n<meta name=\"twitter:card\" content=\"summary_large_image\" \/>\n<meta name=\"twitter:label1\" content=\"Dur\u00e9e de lecture estim\u00e9e\" \/>\n\t<meta name=\"twitter:data1\" content=\"2 minutes\" \/>\n<script type=\"application\/ld+json\" class=\"yoast-schema-graph\">{\"@context\":\"https:\\\/\\\/schema.org\",\"@graph\":[{\"@type\":\"WebPage\",\"@id\":\"https:\\\/\\\/bycloud.fr\\\/solutions\\\/degooglisons\\\/\",\"url\":\"https:\\\/\\\/bycloud.fr\\\/solutions\\\/degooglisons\\\/\",\"name\":\"bYcloud.fr | ici nous d\u00e9Googlisons avec des solutions libres (open-source)\",\"isPartOf\":{\"@id\":\"https:\\\/\\\/bycloud.fr\\\/solutions\\\/#website\"},\"primaryImageOfPage\":{\"@id\":\"https:\\\/\\\/bycloud.fr\\\/solutions\\\/degooglisons\\\/#primaryimage\"},\"image\":{\"@id\":\"https:\\\/\\\/bycloud.fr\\\/solutions\\\/degooglisons\\\/#primaryimage\"},\"thumbnailUrl\":\"https:\\\/\\\/bycloud.fr\\\/solutions\\\/wp-content\\\/uploads\\\/2025\\\/12\\\/WP_BYC_Data-center-GOOGLE_new-albany-data-center-in-central-ohio-1024x628.jpg\",\"datePublished\":\"2018-09-01T10:18:46+00:00\",\"dateModified\":\"2025-12-10T15:13:10+00:00\",\"description\":\"Bient\u00f4t votre nouvelle rubrique pour vous aidez \u00e0 quitter Google avec des outils open-source (logiciel libre) salutaires et bienveillants pour intimit\u00e9 !!!\",\"breadcrumb\":{\"@id\":\"https:\\\/\\\/bycloud.fr\\\/solutions\\\/degooglisons\\\/#breadcrumb\"},\"inLanguage\":\"fr-FR\",\"potentialAction\":[{\"@type\":\"ReadAction\",\"target\":[\"https:\\\/\\\/bycloud.fr\\\/solutions\\\/degooglisons\\\/\"]}]},{\"@type\":\"ImageObject\",\"inLanguage\":\"fr-FR\",\"@id\":\"https:\\\/\\\/bycloud.fr\\\/solutions\\\/degooglisons\\\/#primaryimage\",\"url\":\"https:\\\/\\\/bycloud.fr\\\/solutions\\\/wp-content\\\/uploads\\\/2025\\\/12\\\/WP_BYC_Data-center-GOOGLE_new-albany-data-center-in-central-ohio.jpg\",\"contentUrl\":\"https:\\\/\\\/bycloud.fr\\\/solutions\\\/wp-content\\\/uploads\\\/2025\\\/12\\\/WP_BYC_Data-center-GOOGLE_new-albany-data-center-in-central-ohio.jpg\",\"width\":2518,\"height\":1544},{\"@type\":\"BreadcrumbList\",\"@id\":\"https:\\\/\\\/bycloud.fr\\\/solutions\\\/degooglisons\\\/#breadcrumb\",\"itemListElement\":[{\"@type\":\"ListItem\",\"position\":1,\"name\":\"Accueil\",\"item\":\"https:\\\/\\\/bycloud.fr\\\/solutions\\\/\"},{\"@type\":\"ListItem\",\"position\":2,\"name\":\"d\u00e9Googlisons\"}]},{\"@type\":\"WebSite\",\"@id\":\"https:\\\/\\\/bycloud.fr\\\/solutions\\\/#website\",\"url\":\"https:\\\/\\\/bycloud.fr\\\/solutions\\\/\",\"name\":\"bycloud.fr\",\"description\":\"Vous aimerez partager en toute intimit\u00e9\",\"potentialAction\":[{\"@type\":\"SearchAction\",\"target\":{\"@type\":\"EntryPoint\",\"urlTemplate\":\"https:\\\/\\\/bycloud.fr\\\/solutions\\\/?s={search_term_string}\"},\"query-input\":{\"@type\":\"PropertyValueSpecification\",\"valueRequired\":true,\"valueName\":\"search_term_string\"}}],\"inLanguage\":\"fr-FR\"}]}<\/script>\n<!-- \/ Yoast SEO plugin. -->","yoast_head_json":{"title":"bYcloud.fr | ici nous d\u00e9Googlisons avec des solutions libres (open-source)","description":"Bient\u00f4t votre nouvelle rubrique pour vous aidez \u00e0 quitter Google avec des outils open-source (logiciel libre) salutaires et bienveillants pour intimit\u00e9 !!!","robots":{"index":"index","follow":"follow","max-snippet":"max-snippet:-1","max-image-preview":"max-image-preview:large","max-video-preview":"max-video-preview:-1"},"canonical":"https:\/\/bycloud.fr\/solutions\/degooglisons\/","og_locale":"fr_FR","og_type":"article","og_title":"bYcloud.fr | ici nous d\u00e9Googlisons avec des solutions libres (open-source)","og_description":"Bient\u00f4t votre nouvelle rubrique pour vous aidez \u00e0 quitter Google avec des outils open-source (logiciel libre) salutaires et bienveillants pour intimit\u00e9 !!!","og_url":"https:\/\/bycloud.fr\/solutions\/degooglisons\/","og_site_name":"bYcloud.fr","article_modified_time":"2025-12-10T15:13:10+00:00","og_image":[{"url":"https:\/\/bycloud.fr\/solutions\/wp-content\/uploads\/2025\/12\/WP_BYC_Data-center-GOOGLE_new-albany-data-center-in-central-ohio-1024x628.jpg","type":"","width":"","height":""}],"twitter_card":"summary_large_image","twitter_misc":{"Dur\u00e9e de lecture estim\u00e9e":"2 minutes"},"schema":{"@context":"https:\/\/schema.org","@graph":[{"@type":"WebPage","@id":"https:\/\/bycloud.fr\/solutions\/degooglisons\/","url":"https:\/\/bycloud.fr\/solutions\/degooglisons\/","name":"bYcloud.fr | ici nous d\u00e9Googlisons avec des solutions libres (open-source)","isPartOf":{"@id":"https:\/\/bycloud.fr\/solutions\/#website"},"primaryImageOfPage":{"@id":"https:\/\/bycloud.fr\/solutions\/degooglisons\/#primaryimage"},"image":{"@id":"https:\/\/bycloud.fr\/solutions\/degooglisons\/#primaryimage"},"thumbnailUrl":"https:\/\/bycloud.fr\/solutions\/wp-content\/uploads\/2025\/12\/WP_BYC_Data-center-GOOGLE_new-albany-data-center-in-central-ohio-1024x628.jpg","datePublished":"2018-09-01T10:18:46+00:00","dateModified":"2025-12-10T15:13:10+00:00","description":"Bient\u00f4t votre nouvelle rubrique pour vous aidez \u00e0 quitter Google avec des outils open-source (logiciel libre) salutaires et bienveillants pour intimit\u00e9 !!!","breadcrumb":{"@id":"https:\/\/bycloud.fr\/solutions\/degooglisons\/#breadcrumb"},"inLanguage":"fr-FR","potentialAction":[{"@type":"ReadAction","target":["https:\/\/bycloud.fr\/solutions\/degooglisons\/"]}]},{"@type":"ImageObject","inLanguage":"fr-FR","@id":"https:\/\/bycloud.fr\/solutions\/degooglisons\/#primaryimage","url":"https:\/\/bycloud.fr\/solutions\/wp-content\/uploads\/2025\/12\/WP_BYC_Data-center-GOOGLE_new-albany-data-center-in-central-ohio.jpg","contentUrl":"https:\/\/bycloud.fr\/solutions\/wp-content\/uploads\/2025\/12\/WP_BYC_Data-center-GOOGLE_new-albany-data-center-in-central-ohio.jpg","width":2518,"height":1544},{"@type":"BreadcrumbList","@id":"https:\/\/bycloud.fr\/solutions\/degooglisons\/#breadcrumb","itemListElement":[{"@type":"ListItem","position":1,"name":"Accueil","item":"https:\/\/bycloud.fr\/solutions\/"},{"@type":"ListItem","position":2,"name":"d\u00e9Googlisons"}]},{"@type":"WebSite","@id":"https:\/\/bycloud.fr\/solutions\/#website","url":"https:\/\/bycloud.fr\/solutions\/","name":"bycloud.fr","description":"Vous aimerez partager en toute intimit\u00e9","potentialAction":[{"@type":"SearchAction","target":{"@type":"EntryPoint","urlTemplate":"https:\/\/bycloud.fr\/solutions\/?s={search_term_string}"},"query-input":{"@type":"PropertyValueSpecification","valueRequired":true,"valueName":"search_term_string"}}],"inLanguage":"fr-FR"}]}},"_links":{"self":[{"href":"https:\/\/bycloud.fr\/solutions\/wp-json\/wp\/v2\/pages\/188","targetHints":{"allow":["GET"]}}],"collection":[{"href":"https:\/\/bycloud.fr\/solutions\/wp-json\/wp\/v2\/pages"}],"about":[{"href":"https:\/\/bycloud.fr\/solutions\/wp-json\/wp\/v2\/types\/page"}],"author":[{"embeddable":true,"href":"https:\/\/bycloud.fr\/solutions\/wp-json\/wp\/v2\/users\/1"}],"replies":[{"embeddable":true,"href":"https:\/\/bycloud.fr\/solutions\/wp-json\/wp\/v2\/comments?post=188"}],"version-history":[{"count":22,"href":"https:\/\/bycloud.fr\/solutions\/wp-json\/wp\/v2\/pages\/188\/revisions"}],"predecessor-version":[{"id":2225,"href":"https:\/\/bycloud.fr\/solutions\/wp-json\/wp\/v2\/pages\/188\/revisions\/2225"}],"wp:attachment":[{"href":"https:\/\/bycloud.fr\/solutions\/wp-json\/wp\/v2\/media?parent=188"}],"curies":[{"name":"wp","href":"https:\/\/api.w.org\/{rel}","templated":true}]}}