{"id":2,"date":"2018-03-28T10:01:47","date_gmt":"2018-03-28T10:01:47","guid":{"rendered":"https:\/\/bycloud.fr\/solutions\/?page_id=2"},"modified":"2025-12-02T07:41:55","modified_gmt":"2025-12-02T06:41:55","slug":"accueil","status":"publish","type":"page","link":"https:\/\/bycloud.fr\/solutions\/","title":{"rendered":"bYcloud.fr"},"content":{"rendered":"<p align=\"justify\"><span style=\"color: #008000;\"><strong>bYcloud.fr<\/strong><\/span> fait la promotion des solutions auto-h\u00e9berg\u00e9es qui vous permettent de synchroniser donn\u00e9es, agendas, carnets d&rsquo;adresses, qu&rsquo;ils soient d\u2019ordre personnel ou professionnel.<br \/>\n<strong><span style=\"color: #008000;\">l&rsquo;auto-h\u00e9bergement<\/span><\/strong>, comme son nom l&rsquo;indique, consiste \u00e0 h\u00e9berger chez soi <strong><span style=\"color: #008000;\">son propre serveur<\/span><\/strong>. Les enjeux sont de taille : la garantie de votre anonymat, le respect de votre vie priv\u00e9e, la r\u00e9appropriation de vos donn\u00e9es et de vos services. Quant au d\u00e9fi de la d\u00e9centralisation des r\u00e9seaux du type Google, Facebook, Amazon, il s&rsquo;argumente par ce simple constat : ils sont aujourd&rsquo;hui les d\u00e9tenteurs du monopole. En octobre 2020, le gouvernement am\u00e9ricain lui-m\u00eame a accus\u00e9 le g\u00e9ant de la tech Google d\u2019avoir des pratiques d\u00e9loyales sur deux march\u00e9s qu\u2019il \u00e9crase : celui des moteurs de recherches, et celui de la publicit\u00e9 li\u00e9e \u00e0 ces recherches .<\/p>\n<p align=\"justify\">Par cons\u00e9quent, des alternatives existent telles que <strong><span style=\"color: #008000;\">Nextcloud<\/span><\/strong> qui assure la s\u00e9curit\u00e9 de vos donn\u00e9es informatiques via votre propre \u00ab Cloud \u00bb, puisque branch\u00e9 sur votre <strong><span style=\"color: #008000;\">Box Internet<\/span><\/strong> ou celle d&rsquo;un ami de confiance. En effet, <strong>Nextcloud<\/strong> offre des outils de synchronisation de vos agendas, contacts et documents. C&rsquo;est \u00e0 mon sens <strong>la plus s\u00e9rieuse des alternatives \u00e0 Dropbox, One Drive, Google Drive et consorts<\/strong>. Par ailleurs <strong><span style=\"color: #008000;\">YunoHost<\/span><\/strong> est \u00e0 mon humble avis la meilleure plateforme pour faire de l&rsquo;auto-h\u00e9bergement, cela permet d&rsquo;installer un serveur WordPress, Nextcloud, Mail et biens d&rsquo;autres services Web en quelques clics.<\/p>\n<p align=\"justify\">Et si vous vous posez la question de \u00ab pourquoi ne devrais-je pas faire confiance \u00e0 Google \u00bb ? Voici un extrait du <em>Canard encha\u00een\u00e9 n\u00b0 5102<\/em> du 8 ao\u00fbt 2018 parlant de <strong>la censure, et les services de cloud vu par Google !<\/strong><\/p>\n<p align=\"justify\"><img loading=\"lazy\" decoding=\"async\" class=\"aligncenter wp-image-99 size-large\" src=\"https:\/\/bycloud.fr\/solutions\/wp-content\/uploads\/2018\/08\/CE-5102_La-censure-au-service-de-Google_20-pour-cent-1024x1024.jpg\" alt=\"Article extrait du Canard encha\u00een\u00e9 num\u00e9ro 5102 du 08\/08\/2018 mise en ligne sur bYcloud.fr par St\u00e9phane\" width=\"525\" height=\"525\" srcset=\"https:\/\/bycloud.fr\/solutions\/wp-content\/uploads\/2018\/08\/CE-5102_La-censure-au-service-de-Google_20-pour-cent-1024x1024.jpg 1024w, https:\/\/bycloud.fr\/solutions\/wp-content\/uploads\/2018\/08\/CE-5102_La-censure-au-service-de-Google_20-pour-cent-150x150.jpg 150w, https:\/\/bycloud.fr\/solutions\/wp-content\/uploads\/2018\/08\/CE-5102_La-censure-au-service-de-Google_20-pour-cent-300x300.jpg 300w, https:\/\/bycloud.fr\/solutions\/wp-content\/uploads\/2018\/08\/CE-5102_La-censure-au-service-de-Google_20-pour-cent-768x768.jpg 768w, https:\/\/bycloud.fr\/solutions\/wp-content\/uploads\/2018\/08\/CE-5102_La-censure-au-service-de-Google_20-pour-cent-100x100.jpg 100w\" sizes=\"auto, (max-width: 599px) calc(100vw - 50px), (max-width: 767px) calc(100vw - 70px), (max-width: 991px) 429px, (max-width: 1199px) 637px, 354px\" \/><\/p>\n<blockquote>\n<p align=\"justify\">Plus pr\u00e9cis\u00e9ment \u00abLa protection de la vie priv\u00e9e est un droit fondamental garanti par la D\u00e9claration universelle des droits de l&rsquo;Homme. Dans une soci\u00e9t\u00e9 d\u00e9mocratique, <strong>la vie priv\u00e9e est essentielle \u00e0 la mise en \u0153uvre d&rsquo;autres droits fondamentaux<\/strong>, tels que les droits d&rsquo;expression ou d&rsquo;association. Or, de nombreux acteurs ont aujourd&rsquo;hui int\u00e9r\u00eat <strong>\u00e0 voir assouplir la protection de ce droit fondamental, afin d&rsquo;augmenter la surveillance des citoyens ou de tirer profit des informations les concernant<\/strong>, par leur collecte, leur traitement, leur stockage et leur commerce. Ces pratiques, dangereuses pour nos libert\u00e9s en ligne et hors ligne, sont particuli\u00e8rement r\u00e9pandues sur Internet\u00bb. Source : <strong><span style=\"color: #008000;\">La Quadrature du Net<\/span><\/strong> <a href=\"https:\/\/www.laquadrature.net\/fr\/Vie_privee\">https:\/\/www.laquadrature.net\/fr\/Vie_privee<\/a><\/p>\n<\/blockquote>\n<p align=\"justify\">Enfin, pour conclure cette page d&rsquo;accueil, voici deux r\u00e9f\u00e9rences de fictions montrant les d\u00e9rives vers lesquelles tends nos politiques actuelles : <strong><span style=\"color: #008000;\">1984<\/span><\/strong> de George Orwell (publi\u00e9 en 1949), <strong><span style=\"color: #008000;\">Minority Report <\/span><\/strong>de Steven Spielberg (sorti sur les \u00e9crans en 2002). C&rsquo;est pourquoi je me bats et donc vous propose des alternatives qui respectent nos libert\u00e9s individuelles.<\/p>\n<p>Ressources : <a href=\"https:\/\/yunohost.org\">https:\/\/yunohost.org<\/a>, <a href=\"https:\/\/nextcloud.com\">https:\/\/nextcloud.com<\/a>, <a href=\"https:\/\/www.laquadrature.net\/fr\">https:\/\/www.laquadrature.net\/fr.<\/a><\/p>\n<p>Pour plus amples informations, contactez St\u00e9phane via : contact [@] bycloud.fr<\/p>\n<p>Acc\u00e9dez \u00e0 votre espace Nextcloud : <a href=\"https:\/\/bycloud.fr\/partage\" target=\"_blank\" rel=\"noopener\">https:\/\/bycloud.fr\/partage<\/a> ou \u00e0 votre espace personnel sur bYcloud : <a href=\"https:\/\/bycloud.fr\/yunohost\/sso\" target=\"_blank\" rel=\"noopener\">https:\/\/bycloud.fr\/yunohost\/sso<\/a><\/p>\n<div id=\"s3gt_translate_tooltip_mini\" class=\"s3gt_translate_tooltip_mini_box\" style=\"background: initial ! important; border: initial ! important; border-radius: initial ! important; border-spacing: initial ! important; border-collapse: initial ! important; direction: ltr ! important; flex-direction: initial ! important; font-weight: initial ! important; height: initial ! important; letter-spacing: initial ! important; min-width: initial ! important; max-width: initial ! important; min-height: initial ! important; max-height: initial ! important; margin: auto ! important; outline: initial ! important; padding: initial ! important; position: absolute; table-layout: initial ! important; text-align: initial ! important; text-shadow: initial ! important; width: initial ! important; word-break: initial ! important; word-spacing: initial ! important; overflow-wrap: initial ! important; box-sizing: initial ! important; display: initial ! important; color: inherit ! important; font-size: 13px ! important; font-family: X-LocaleSpecific,sans-serif,Tahoma,Helvetica ! important; line-height: 13px ! important; vertical-align: top ! important; white-space: inherit ! important; left: 21px; top: 148px; opacity: 0.7;\">\n<div id=\"s3gt_translate_tooltip_mini_logo\" class=\"s3gt_translate_tooltip_mini\" title=\"Traduire le texte s\u00e9lectionn\u00e9\"><\/div>\n<div id=\"s3gt_translate_tooltip_mini_sound\" class=\"s3gt_translate_tooltip_mini\" title=\"Lecture\"><\/div>\n<div id=\"s3gt_translate_tooltip_mini_copy\" class=\"s3gt_translate_tooltip_mini\" title=\"Copier le texte dans le presse-papiers\"><\/div>\n<\/div>\n","protected":false},"excerpt":{"rendered":"<p>bYcloud.fr fait la promotion des solutions auto-h\u00e9berg\u00e9es qui vous permettent de synchroniser donn\u00e9es, agendas, carnets d&rsquo;adresses, qu&rsquo;ils soient d\u2019ordre personnel ou professionnel. l&rsquo;auto-h\u00e9bergement, comme son nom l&rsquo;indique, consiste \u00e0 h\u00e9berger chez soi son propre serveur. Les enjeux sont de taille : la garantie de votre anonymat, le respect de votre vie priv\u00e9e, la r\u00e9appropriation de &#8230;<\/p>\n<a href=\"https:\/\/bycloud.fr\/solutions\/\" class=\"read-more-link\">Continue reading <span class=\"screen-reader-text\">\"bYcloud.fr\"<\/span> <span class=\"meta-nav\">&rarr;<\/span><\/a>","protected":false},"author":1,"featured_media":0,"parent":0,"menu_order":0,"comment_status":"closed","ping_status":"open","template":"","meta":{"footnotes":""},"class_list":["post-2","page","type-page","status-publish","hentry","penguin-post","penguin-post-not-sticky"],"yoast_head":"<!-- This site is optimized with the Yoast SEO plugin v27.4 - https:\/\/yoast.com\/product\/yoast-seo-wordpress\/ -->\n<title>bYcloud.fr | auto-h\u00e9berger, partager, s\u00e9curiser &amp; synchroniser vos data<\/title>\n<meta name=\"description\" content=\"bYcloud.fr promeut des solutions permettant de vous auto-h\u00e9berger pour synchroniser vos donn\u00e9es, agendas, carnets d&#039;adresses tant personnelles que sensibles.\" \/>\n<meta name=\"robots\" content=\"index, follow, max-snippet:-1, max-image-preview:large, max-video-preview:-1\" \/>\n<link rel=\"canonical\" href=\"https:\/\/bycloud.fr\/solutions\/\" \/>\n<meta property=\"og:locale\" content=\"fr_FR\" \/>\n<meta property=\"og:type\" content=\"article\" \/>\n<meta property=\"og:title\" content=\"bYcloud.fr | auto-h\u00e9berger, partager, s\u00e9curiser &amp; synchroniser vos data\" \/>\n<meta property=\"og:description\" content=\"bYcloud.fr promeut des solutions permettant de vous auto-h\u00e9berger pour synchroniser vos donn\u00e9es, agendas, carnets d&#039;adresses tant personnelles que sensibles.\" \/>\n<meta property=\"og:url\" content=\"https:\/\/bycloud.fr\/solutions\/\" \/>\n<meta property=\"og:site_name\" content=\"bYcloud.fr\" \/>\n<meta property=\"article:modified_time\" content=\"2025-12-02T06:41:55+00:00\" \/>\n<meta property=\"og:image\" content=\"https:\/\/bycloud.fr\/solutions\/wp-content\/uploads\/2018\/08\/CE-5102_La-censure-au-service-de-Google_20-pour-cent-1024x1024.jpg\" \/>\n<meta name=\"twitter:card\" content=\"summary_large_image\" \/>\n<meta name=\"twitter:label1\" content=\"Dur\u00e9e de lecture estim\u00e9e\" \/>\n\t<meta name=\"twitter:data1\" content=\"2 minutes\" \/>\n<script type=\"application\/ld+json\" class=\"yoast-schema-graph\">{\"@context\":\"https:\\\/\\\/schema.org\",\"@graph\":[{\"@type\":\"WebPage\",\"@id\":\"https:\\\/\\\/bycloud.fr\\\/solutions\\\/\",\"url\":\"https:\\\/\\\/bycloud.fr\\\/solutions\\\/\",\"name\":\"bYcloud.fr | auto-h\u00e9berger, partager, s\u00e9curiser & synchroniser vos data\",\"isPartOf\":{\"@id\":\"https:\\\/\\\/bycloud.fr\\\/solutions\\\/#website\"},\"primaryImageOfPage\":{\"@id\":\"https:\\\/\\\/bycloud.fr\\\/solutions\\\/#primaryimage\"},\"image\":{\"@id\":\"https:\\\/\\\/bycloud.fr\\\/solutions\\\/#primaryimage\"},\"thumbnailUrl\":\"https:\\\/\\\/bycloud.fr\\\/solutions\\\/wp-content\\\/uploads\\\/2018\\\/08\\\/CE-5102_La-censure-au-service-de-Google_20-pour-cent-1024x1024.jpg\",\"datePublished\":\"2018-03-28T10:01:47+00:00\",\"dateModified\":\"2025-12-02T06:41:55+00:00\",\"description\":\"bYcloud.fr promeut des solutions permettant de vous auto-h\u00e9berger pour synchroniser vos donn\u00e9es, agendas, carnets d'adresses tant personnelles que sensibles.\",\"breadcrumb\":{\"@id\":\"https:\\\/\\\/bycloud.fr\\\/solutions\\\/#breadcrumb\"},\"inLanguage\":\"fr-FR\",\"potentialAction\":[{\"@type\":\"ReadAction\",\"target\":[\"https:\\\/\\\/bycloud.fr\\\/solutions\\\/\"]}]},{\"@type\":\"ImageObject\",\"inLanguage\":\"fr-FR\",\"@id\":\"https:\\\/\\\/bycloud.fr\\\/solutions\\\/#primaryimage\",\"url\":\"https:\\\/\\\/bycloud.fr\\\/solutions\\\/wp-content\\\/uploads\\\/2018\\\/08\\\/CE-5102_La-censure-au-service-de-Google_20-pour-cent.jpg\",\"contentUrl\":\"https:\\\/\\\/bycloud.fr\\\/solutions\\\/wp-content\\\/uploads\\\/2018\\\/08\\\/CE-5102_La-censure-au-service-de-Google_20-pour-cent.jpg\",\"width\":2348,\"height\":2348},{\"@type\":\"BreadcrumbList\",\"@id\":\"https:\\\/\\\/bycloud.fr\\\/solutions\\\/#breadcrumb\",\"itemListElement\":[{\"@type\":\"ListItem\",\"position\":1,\"name\":\"Accueil\",\"item\":\"https:\\\/\\\/bycloud.fr\\\/solutions\\\/\"},{\"@type\":\"ListItem\",\"position\":2,\"name\":\"bYcloud.fr\"}]},{\"@type\":\"WebSite\",\"@id\":\"https:\\\/\\\/bycloud.fr\\\/solutions\\\/#website\",\"url\":\"https:\\\/\\\/bycloud.fr\\\/solutions\\\/\",\"name\":\"bycloud.fr\",\"description\":\"Vous aimerez partager en toute intimit\u00e9\",\"potentialAction\":[{\"@type\":\"SearchAction\",\"target\":{\"@type\":\"EntryPoint\",\"urlTemplate\":\"https:\\\/\\\/bycloud.fr\\\/solutions\\\/?s={search_term_string}\"},\"query-input\":{\"@type\":\"PropertyValueSpecification\",\"valueRequired\":true,\"valueName\":\"search_term_string\"}}],\"inLanguage\":\"fr-FR\"}]}<\/script>\n<!-- \/ Yoast SEO plugin. -->","yoast_head_json":{"title":"bYcloud.fr | auto-h\u00e9berger, partager, s\u00e9curiser & synchroniser vos data","description":"bYcloud.fr promeut des solutions permettant de vous auto-h\u00e9berger pour synchroniser vos donn\u00e9es, agendas, carnets d'adresses tant personnelles que sensibles.","robots":{"index":"index","follow":"follow","max-snippet":"max-snippet:-1","max-image-preview":"max-image-preview:large","max-video-preview":"max-video-preview:-1"},"canonical":"https:\/\/bycloud.fr\/solutions\/","og_locale":"fr_FR","og_type":"article","og_title":"bYcloud.fr | auto-h\u00e9berger, partager, s\u00e9curiser & synchroniser vos data","og_description":"bYcloud.fr promeut des solutions permettant de vous auto-h\u00e9berger pour synchroniser vos donn\u00e9es, agendas, carnets d'adresses tant personnelles que sensibles.","og_url":"https:\/\/bycloud.fr\/solutions\/","og_site_name":"bYcloud.fr","article_modified_time":"2025-12-02T06:41:55+00:00","og_image":[{"url":"https:\/\/bycloud.fr\/solutions\/wp-content\/uploads\/2018\/08\/CE-5102_La-censure-au-service-de-Google_20-pour-cent-1024x1024.jpg","type":"","width":"","height":""}],"twitter_card":"summary_large_image","twitter_misc":{"Dur\u00e9e de lecture estim\u00e9e":"2 minutes"},"schema":{"@context":"https:\/\/schema.org","@graph":[{"@type":"WebPage","@id":"https:\/\/bycloud.fr\/solutions\/","url":"https:\/\/bycloud.fr\/solutions\/","name":"bYcloud.fr | auto-h\u00e9berger, partager, s\u00e9curiser & synchroniser vos data","isPartOf":{"@id":"https:\/\/bycloud.fr\/solutions\/#website"},"primaryImageOfPage":{"@id":"https:\/\/bycloud.fr\/solutions\/#primaryimage"},"image":{"@id":"https:\/\/bycloud.fr\/solutions\/#primaryimage"},"thumbnailUrl":"https:\/\/bycloud.fr\/solutions\/wp-content\/uploads\/2018\/08\/CE-5102_La-censure-au-service-de-Google_20-pour-cent-1024x1024.jpg","datePublished":"2018-03-28T10:01:47+00:00","dateModified":"2025-12-02T06:41:55+00:00","description":"bYcloud.fr promeut des solutions permettant de vous auto-h\u00e9berger pour synchroniser vos donn\u00e9es, agendas, carnets d'adresses tant personnelles que sensibles.","breadcrumb":{"@id":"https:\/\/bycloud.fr\/solutions\/#breadcrumb"},"inLanguage":"fr-FR","potentialAction":[{"@type":"ReadAction","target":["https:\/\/bycloud.fr\/solutions\/"]}]},{"@type":"ImageObject","inLanguage":"fr-FR","@id":"https:\/\/bycloud.fr\/solutions\/#primaryimage","url":"https:\/\/bycloud.fr\/solutions\/wp-content\/uploads\/2018\/08\/CE-5102_La-censure-au-service-de-Google_20-pour-cent.jpg","contentUrl":"https:\/\/bycloud.fr\/solutions\/wp-content\/uploads\/2018\/08\/CE-5102_La-censure-au-service-de-Google_20-pour-cent.jpg","width":2348,"height":2348},{"@type":"BreadcrumbList","@id":"https:\/\/bycloud.fr\/solutions\/#breadcrumb","itemListElement":[{"@type":"ListItem","position":1,"name":"Accueil","item":"https:\/\/bycloud.fr\/solutions\/"},{"@type":"ListItem","position":2,"name":"bYcloud.fr"}]},{"@type":"WebSite","@id":"https:\/\/bycloud.fr\/solutions\/#website","url":"https:\/\/bycloud.fr\/solutions\/","name":"bycloud.fr","description":"Vous aimerez partager en toute intimit\u00e9","potentialAction":[{"@type":"SearchAction","target":{"@type":"EntryPoint","urlTemplate":"https:\/\/bycloud.fr\/solutions\/?s={search_term_string}"},"query-input":{"@type":"PropertyValueSpecification","valueRequired":true,"valueName":"search_term_string"}}],"inLanguage":"fr-FR"}]}},"_links":{"self":[{"href":"https:\/\/bycloud.fr\/solutions\/wp-json\/wp\/v2\/pages\/2","targetHints":{"allow":["GET"]}}],"collection":[{"href":"https:\/\/bycloud.fr\/solutions\/wp-json\/wp\/v2\/pages"}],"about":[{"href":"https:\/\/bycloud.fr\/solutions\/wp-json\/wp\/v2\/types\/page"}],"author":[{"embeddable":true,"href":"https:\/\/bycloud.fr\/solutions\/wp-json\/wp\/v2\/users\/1"}],"replies":[{"embeddable":true,"href":"https:\/\/bycloud.fr\/solutions\/wp-json\/wp\/v2\/comments?post=2"}],"version-history":[{"count":88,"href":"https:\/\/bycloud.fr\/solutions\/wp-json\/wp\/v2\/pages\/2\/revisions"}],"predecessor-version":[{"id":2177,"href":"https:\/\/bycloud.fr\/solutions\/wp-json\/wp\/v2\/pages\/2\/revisions\/2177"}],"wp:attachment":[{"href":"https:\/\/bycloud.fr\/solutions\/wp-json\/wp\/v2\/media?parent=2"}],"curies":[{"name":"wp","href":"https:\/\/api.w.org\/{rel}","templated":true}]}}