{"id":205,"date":"2018-09-22T07:45:06","date_gmt":"2018-09-22T05:45:06","guid":{"rendered":"https:\/\/bycloud.fr\/solutions\/?page_id=205"},"modified":"2025-12-04T11:10:27","modified_gmt":"2025-12-04T10:10:27","slug":"nextcloud","status":"publish","type":"page","link":"https:\/\/bycloud.fr\/solutions\/alternatives\/nextcloud\/","title":{"rendered":"Nextcloud"},"content":{"rendered":"<p><a href=\"https:\/\/bycloud.fr\/partage\"><span style=\"color: #0000ff;\">Nextcloud<\/span><\/a> <strong><span style=\"color: #008000;\">offre \u00e0 mon sens la plus s\u00e9rieuse alternative<\/span><\/strong> \u00e0 <strong>Google Drvie, Microsoft OneDrive, iCloud, DropBox et consorts<\/strong> avec ses multiples fonctions :<\/p>\n<ul>\n<li><a title=\"Synchronisation de fichiers\" href=\"https:\/\/fr.wikipedia.org\/wiki\/Synchronisation_de_fichiers\">Synchronisation de fichiers<\/a> entre diff\u00e9rents ordinateurs, tablettes et smartphones.<\/li>\n<li>Stockage s\u00e9curis\u00e9 (<a title=\"Chiffrement\" href=\"https:\/\/fr.wikipedia.org\/wiki\/Chiffrement\">chiffrement<\/a> des fichiers sur le serveur, chiffrement de la connexion de point \u00e0 point)<\/li>\n<li><a title=\"Partage de fichiers\" href=\"https:\/\/fr.wikipedia.org\/wiki\/Partage_de_fichiers\">Partage de fichiers<\/a> entre utilisateurs nextcloud ou utilisateurs externes.<\/li>\n<li><a title=\"Serveur de fichiers\" href=\"https:\/\/fr.wikipedia.org\/wiki\/Serveur_de_fichiers\">Serveur de fichiers<\/a> <a title=\"WebDAV\" href=\"https:\/\/fr.wikipedia.org\/wiki\/WebDAV\">WebDAV<\/a><\/li>\n<li>Calendrier (permettant la synchronisation <a title=\"CalDAV\" href=\"https:\/\/fr.wikipedia.org\/wiki\/CalDAV\">CalDAV<\/a>) (en option)<\/li>\n<li>Gestion des t\u00e2ches (synchronis\u00e9 avec CalDAV) (en option)<\/li>\n<li>Gestionnaire de contacts (<a title=\"CardDAV\" href=\"https:\/\/fr.wikipedia.org\/wiki\/CardDAV\">CardDAV<\/a>) (en option)<\/li>\n<li><a title=\"\u00c9diteur de texte\" href=\"https:\/\/fr.wikipedia.org\/wiki\/%C3%89diteur_de_texte\">\u00c9diteur de texte<\/a> en ligne (proposant la <a title=\"Coloration syntaxique\" href=\"https:\/\/fr.wikipedia.org\/wiki\/Coloration_syntaxique\">coloration syntaxique<\/a>)<\/li>\n<li>Visionneuse de documents en ligne (<a title=\"Portable Document Format\" href=\"https:\/\/fr.wikipedia.org\/wiki\/Portable_Document_Format\">PDF<\/a>, <a title=\"OpenDocument\" href=\"https:\/\/fr.wikipedia.org\/wiki\/OpenDocument\">OpenDocument<\/a>)<\/li>\n<li>Galerie d\u2019images multiformats (jpg, cr2, img \u2026)<\/li>\n<li>Et biens d&rsquo;autres (source Wikip\u00e9dia)<\/li>\n<\/ul>\n<h2>Connexion \u00e0 Nextcloud<\/h2>\n<p>La connexion \u00e0 vos outils Nextcloud se fait en <strong>HTTPS<\/strong>, c&rsquo;est le m\u00eame protocole qu&rsquo;utilise les banques, l&rsquo;administration, les sites marchands c&rsquo;est-\u00e0-dire tous les sites voulant ne pas se faire usurp\u00e9 leur identit\u00e9 ! A droite de votre adresse URL sous <strong>Firefox<\/strong> s&rsquo;affiche un <span style=\"color: #008000;\">petit cadenas vert<\/span> vous assurant que vous \u00eates sur le site d\u00e9sir\u00e9.<br \/>\nPar ailleurs, Nextcloud permet une authentification de type <strong>Double Authentification<\/strong> connue sous l&rsquo;acronyme 2FA utilisant la technologie <strong>TOTP<\/strong> en r\u00e9f\u00e9rence \u00e0 <strong>RFC 6238<\/strong>, ce type d&rsquo;authentification pouvant faire peur aux usag\u00e9.e.s est tr\u00e8s simple \u00e0 utiliser et offre une <strong>haute s\u00e9curit\u00e9 d&rsquo;acc\u00e8s \u00e0 vos donn\u00e9es<\/strong> que bien des <strong>banques n&rsquo;offraient pas quand j&rsquo;ai \u00e9cris cette page \/!\\<\/strong><\/p>\n<p><img loading=\"lazy\" decoding=\"async\" class=\"aligncenter wp-image-210 size-large\" src=\"https:\/\/bycloud.fr\/solutions\/wp-content\/uploads\/2018\/09\/NextCloud_authentification_01-1024x653.png\" alt=\"\" width=\"525\" height=\"335\" srcset=\"https:\/\/bycloud.fr\/solutions\/wp-content\/uploads\/2018\/09\/NextCloud_authentification_01-1024x653.png 1024w, https:\/\/bycloud.fr\/solutions\/wp-content\/uploads\/2018\/09\/NextCloud_authentification_01-300x191.png 300w, https:\/\/bycloud.fr\/solutions\/wp-content\/uploads\/2018\/09\/NextCloud_authentification_01-768x490.png 768w, https:\/\/bycloud.fr\/solutions\/wp-content\/uploads\/2018\/09\/NextCloud_authentification_01.png 1202w\" sizes=\"auto, (max-width: 599px) calc(100vw - 50px), (max-width: 767px) calc(100vw - 70px), (max-width: 991px) 429px, (max-width: 1199px) 637px, 354px\" \/><\/p>\n<p><img loading=\"lazy\" decoding=\"async\" class=\"aligncenter size-large wp-image-211\" src=\"https:\/\/bycloud.fr\/solutions\/wp-content\/uploads\/2018\/09\/NextCloud_authentification_02-1024x653.png\" alt=\"\" width=\"525\" height=\"335\" srcset=\"https:\/\/bycloud.fr\/solutions\/wp-content\/uploads\/2018\/09\/NextCloud_authentification_02-1024x653.png 1024w, https:\/\/bycloud.fr\/solutions\/wp-content\/uploads\/2018\/09\/NextCloud_authentification_02-300x191.png 300w, https:\/\/bycloud.fr\/solutions\/wp-content\/uploads\/2018\/09\/NextCloud_authentification_02-768x490.png 768w, https:\/\/bycloud.fr\/solutions\/wp-content\/uploads\/2018\/09\/NextCloud_authentification_02.png 1202w\" sizes=\"auto, (max-width: 599px) calc(100vw - 50px), (max-width: 767px) calc(100vw - 70px), (max-width: 991px) 429px, (max-width: 1199px) 637px, 354px\" \/><\/p>\n<p>&nbsp;<\/p>\n<h3>Synchroniser ses donn\u00e9es avec Nextcloud<\/h3>\n<ul>\n<li>Carnet d&rsquo;adresse avec un iPhone : <a href=\"https:\/\/bycloud.fr\/solutions\/synchronisez-votre-carnet-dadresses\/\" target=\"_blank\" rel=\"noopener\">synchronisez votre carnet d&rsquo;adresses<\/a><\/li>\n<li>Agenda avec Mozilla Thunderbird :\u00a0<a href=\"https:\/\/bycloud.fr\/solutions\/synchronisez-votre-agenda\/\" target=\"_blank\" rel=\"noopener\">synchronisez votre agenda<\/a><\/li>\n<\/ul>\n<p>&nbsp;<\/p>\n","protected":false},"excerpt":{"rendered":"<p>Nextcloud offre \u00e0 mon sens la plus s\u00e9rieuse alternative \u00e0 Google Drvie, Microsoft OneDrive, iCloud, DropBox et consorts avec ses multiples fonctions : Synchronisation de fichiers entre diff\u00e9rents ordinateurs, tablettes et smartphones. Stockage s\u00e9curis\u00e9 (chiffrement des fichiers sur le serveur, chiffrement de la connexion de point \u00e0 point) Partage de fichiers entre utilisateurs nextcloud ou &#8230;<\/p>\n<a href=\"https:\/\/bycloud.fr\/solutions\/alternatives\/nextcloud\/\" class=\"read-more-link\">Continue reading <span class=\"screen-reader-text\">\"Nextcloud\"<\/span> <span class=\"meta-nav\">&rarr;<\/span><\/a>","protected":false},"author":1,"featured_media":0,"parent":325,"menu_order":0,"comment_status":"closed","ping_status":"closed","template":"","meta":{"footnotes":""},"class_list":["post-205","page","type-page","status-publish","hentry","penguin-post","penguin-post-not-sticky"],"yoast_head":"<!-- This site is optimized with the Yoast SEO plugin v27.4 - https:\/\/yoast.com\/product\/yoast-seo-wordpress\/ -->\n<title>Nextcloud | Alternative \u00e0 Google Drvie, Microsoft OneDrive, iCloud, Drop...<\/title>\n<meta name=\"description\" content=\"Nextcloud offre des outils de synchronisation de vos agendas, contacts et documents. A mon sens la plus s\u00e9rieuse des alternatives \u00e0 Dropbox, One Drive, Google Drive\" \/>\n<meta name=\"robots\" content=\"index, follow, max-snippet:-1, max-image-preview:large, max-video-preview:-1\" \/>\n<link rel=\"canonical\" href=\"https:\/\/bycloud.fr\/solutions\/alternatives\/nextcloud\/\" \/>\n<meta property=\"og:locale\" content=\"fr_FR\" \/>\n<meta property=\"og:type\" content=\"article\" \/>\n<meta property=\"og:title\" content=\"Nextcloud | Alternative \u00e0 Google Drvie, Microsoft OneDrive, iCloud, Drop...\" \/>\n<meta property=\"og:description\" content=\"Nextcloud offre des outils de synchronisation de vos agendas, contacts et documents. A mon sens la plus s\u00e9rieuse des alternatives \u00e0 Dropbox, One Drive, Google Drive\" \/>\n<meta property=\"og:url\" content=\"https:\/\/bycloud.fr\/solutions\/alternatives\/nextcloud\/\" \/>\n<meta property=\"og:site_name\" content=\"bYcloud.fr\" \/>\n<meta property=\"article:modified_time\" content=\"2025-12-04T10:10:27+00:00\" \/>\n<meta property=\"og:image\" content=\"https:\/\/bycloud.fr\/solutions\/wp-content\/uploads\/2018\/09\/NextCloud_authentification_01-1024x653.png\" \/>\n<meta name=\"twitter:card\" content=\"summary_large_image\" \/>\n<meta name=\"twitter:label1\" content=\"Dur\u00e9e de lecture estim\u00e9e\" \/>\n\t<meta name=\"twitter:data1\" content=\"2 minutes\" \/>\n<script type=\"application\/ld+json\" class=\"yoast-schema-graph\">{\"@context\":\"https:\\\/\\\/schema.org\",\"@graph\":[{\"@type\":\"WebPage\",\"@id\":\"https:\\\/\\\/bycloud.fr\\\/solutions\\\/alternatives\\\/nextcloud\\\/\",\"url\":\"https:\\\/\\\/bycloud.fr\\\/solutions\\\/alternatives\\\/nextcloud\\\/\",\"name\":\"Nextcloud | Alternative \u00e0 Google Drvie, Microsoft OneDrive, iCloud, Drop...\",\"isPartOf\":{\"@id\":\"https:\\\/\\\/bycloud.fr\\\/solutions\\\/#website\"},\"primaryImageOfPage\":{\"@id\":\"https:\\\/\\\/bycloud.fr\\\/solutions\\\/alternatives\\\/nextcloud\\\/#primaryimage\"},\"image\":{\"@id\":\"https:\\\/\\\/bycloud.fr\\\/solutions\\\/alternatives\\\/nextcloud\\\/#primaryimage\"},\"thumbnailUrl\":\"https:\\\/\\\/bycloud.fr\\\/solutions\\\/wp-content\\\/uploads\\\/2018\\\/09\\\/NextCloud_authentification_01-1024x653.png\",\"datePublished\":\"2018-09-22T05:45:06+00:00\",\"dateModified\":\"2025-12-04T10:10:27+00:00\",\"description\":\"Nextcloud offre des outils de synchronisation de vos agendas, contacts et documents. A mon sens la plus s\u00e9rieuse des alternatives \u00e0 Dropbox, One Drive, Google Drive\",\"breadcrumb\":{\"@id\":\"https:\\\/\\\/bycloud.fr\\\/solutions\\\/alternatives\\\/nextcloud\\\/#breadcrumb\"},\"inLanguage\":\"fr-FR\",\"potentialAction\":[{\"@type\":\"ReadAction\",\"target\":[\"https:\\\/\\\/bycloud.fr\\\/solutions\\\/alternatives\\\/nextcloud\\\/\"]}]},{\"@type\":\"ImageObject\",\"inLanguage\":\"fr-FR\",\"@id\":\"https:\\\/\\\/bycloud.fr\\\/solutions\\\/alternatives\\\/nextcloud\\\/#primaryimage\",\"url\":\"https:\\\/\\\/bycloud.fr\\\/solutions\\\/wp-content\\\/uploads\\\/2018\\\/09\\\/NextCloud_authentification_01.png\",\"contentUrl\":\"https:\\\/\\\/bycloud.fr\\\/solutions\\\/wp-content\\\/uploads\\\/2018\\\/09\\\/NextCloud_authentification_01.png\",\"width\":1202,\"height\":767},{\"@type\":\"BreadcrumbList\",\"@id\":\"https:\\\/\\\/bycloud.fr\\\/solutions\\\/alternatives\\\/nextcloud\\\/#breadcrumb\",\"itemListElement\":[{\"@type\":\"ListItem\",\"position\":1,\"name\":\"Accueil\",\"item\":\"https:\\\/\\\/bycloud.fr\\\/solutions\\\/\"},{\"@type\":\"ListItem\",\"position\":2,\"name\":\"AlternativeS\",\"item\":\"https:\\\/\\\/bycloud.fr\\\/solutions\\\/alternatives\\\/\"},{\"@type\":\"ListItem\",\"position\":3,\"name\":\"Nextcloud\"}]},{\"@type\":\"WebSite\",\"@id\":\"https:\\\/\\\/bycloud.fr\\\/solutions\\\/#website\",\"url\":\"https:\\\/\\\/bycloud.fr\\\/solutions\\\/\",\"name\":\"bycloud.fr\",\"description\":\"Vous aimerez partager en toute intimit\u00e9\",\"potentialAction\":[{\"@type\":\"SearchAction\",\"target\":{\"@type\":\"EntryPoint\",\"urlTemplate\":\"https:\\\/\\\/bycloud.fr\\\/solutions\\\/?s={search_term_string}\"},\"query-input\":{\"@type\":\"PropertyValueSpecification\",\"valueRequired\":true,\"valueName\":\"search_term_string\"}}],\"inLanguage\":\"fr-FR\"}]}<\/script>\n<!-- \/ Yoast SEO plugin. -->","yoast_head_json":{"title":"Nextcloud | Alternative \u00e0 Google Drvie, Microsoft OneDrive, iCloud, Drop...","description":"Nextcloud offre des outils de synchronisation de vos agendas, contacts et documents. A mon sens la plus s\u00e9rieuse des alternatives \u00e0 Dropbox, One Drive, Google Drive","robots":{"index":"index","follow":"follow","max-snippet":"max-snippet:-1","max-image-preview":"max-image-preview:large","max-video-preview":"max-video-preview:-1"},"canonical":"https:\/\/bycloud.fr\/solutions\/alternatives\/nextcloud\/","og_locale":"fr_FR","og_type":"article","og_title":"Nextcloud | Alternative \u00e0 Google Drvie, Microsoft OneDrive, iCloud, Drop...","og_description":"Nextcloud offre des outils de synchronisation de vos agendas, contacts et documents. A mon sens la plus s\u00e9rieuse des alternatives \u00e0 Dropbox, One Drive, Google Drive","og_url":"https:\/\/bycloud.fr\/solutions\/alternatives\/nextcloud\/","og_site_name":"bYcloud.fr","article_modified_time":"2025-12-04T10:10:27+00:00","og_image":[{"url":"https:\/\/bycloud.fr\/solutions\/wp-content\/uploads\/2018\/09\/NextCloud_authentification_01-1024x653.png","type":"","width":"","height":""}],"twitter_card":"summary_large_image","twitter_misc":{"Dur\u00e9e de lecture estim\u00e9e":"2 minutes"},"schema":{"@context":"https:\/\/schema.org","@graph":[{"@type":"WebPage","@id":"https:\/\/bycloud.fr\/solutions\/alternatives\/nextcloud\/","url":"https:\/\/bycloud.fr\/solutions\/alternatives\/nextcloud\/","name":"Nextcloud | Alternative \u00e0 Google Drvie, Microsoft OneDrive, iCloud, Drop...","isPartOf":{"@id":"https:\/\/bycloud.fr\/solutions\/#website"},"primaryImageOfPage":{"@id":"https:\/\/bycloud.fr\/solutions\/alternatives\/nextcloud\/#primaryimage"},"image":{"@id":"https:\/\/bycloud.fr\/solutions\/alternatives\/nextcloud\/#primaryimage"},"thumbnailUrl":"https:\/\/bycloud.fr\/solutions\/wp-content\/uploads\/2018\/09\/NextCloud_authentification_01-1024x653.png","datePublished":"2018-09-22T05:45:06+00:00","dateModified":"2025-12-04T10:10:27+00:00","description":"Nextcloud offre des outils de synchronisation de vos agendas, contacts et documents. A mon sens la plus s\u00e9rieuse des alternatives \u00e0 Dropbox, One Drive, Google Drive","breadcrumb":{"@id":"https:\/\/bycloud.fr\/solutions\/alternatives\/nextcloud\/#breadcrumb"},"inLanguage":"fr-FR","potentialAction":[{"@type":"ReadAction","target":["https:\/\/bycloud.fr\/solutions\/alternatives\/nextcloud\/"]}]},{"@type":"ImageObject","inLanguage":"fr-FR","@id":"https:\/\/bycloud.fr\/solutions\/alternatives\/nextcloud\/#primaryimage","url":"https:\/\/bycloud.fr\/solutions\/wp-content\/uploads\/2018\/09\/NextCloud_authentification_01.png","contentUrl":"https:\/\/bycloud.fr\/solutions\/wp-content\/uploads\/2018\/09\/NextCloud_authentification_01.png","width":1202,"height":767},{"@type":"BreadcrumbList","@id":"https:\/\/bycloud.fr\/solutions\/alternatives\/nextcloud\/#breadcrumb","itemListElement":[{"@type":"ListItem","position":1,"name":"Accueil","item":"https:\/\/bycloud.fr\/solutions\/"},{"@type":"ListItem","position":2,"name":"AlternativeS","item":"https:\/\/bycloud.fr\/solutions\/alternatives\/"},{"@type":"ListItem","position":3,"name":"Nextcloud"}]},{"@type":"WebSite","@id":"https:\/\/bycloud.fr\/solutions\/#website","url":"https:\/\/bycloud.fr\/solutions\/","name":"bycloud.fr","description":"Vous aimerez partager en toute intimit\u00e9","potentialAction":[{"@type":"SearchAction","target":{"@type":"EntryPoint","urlTemplate":"https:\/\/bycloud.fr\/solutions\/?s={search_term_string}"},"query-input":{"@type":"PropertyValueSpecification","valueRequired":true,"valueName":"search_term_string"}}],"inLanguage":"fr-FR"}]}},"_links":{"self":[{"href":"https:\/\/bycloud.fr\/solutions\/wp-json\/wp\/v2\/pages\/205","targetHints":{"allow":["GET"]}}],"collection":[{"href":"https:\/\/bycloud.fr\/solutions\/wp-json\/wp\/v2\/pages"}],"about":[{"href":"https:\/\/bycloud.fr\/solutions\/wp-json\/wp\/v2\/types\/page"}],"author":[{"embeddable":true,"href":"https:\/\/bycloud.fr\/solutions\/wp-json\/wp\/v2\/users\/1"}],"replies":[{"embeddable":true,"href":"https:\/\/bycloud.fr\/solutions\/wp-json\/wp\/v2\/comments?post=205"}],"version-history":[{"count":10,"href":"https:\/\/bycloud.fr\/solutions\/wp-json\/wp\/v2\/pages\/205\/revisions"}],"predecessor-version":[{"id":2111,"href":"https:\/\/bycloud.fr\/solutions\/wp-json\/wp\/v2\/pages\/205\/revisions\/2111"}],"up":[{"embeddable":true,"href":"https:\/\/bycloud.fr\/solutions\/wp-json\/wp\/v2\/pages\/325"}],"wp:attachment":[{"href":"https:\/\/bycloud.fr\/solutions\/wp-json\/wp\/v2\/media?parent=205"}],"curies":[{"name":"wp","href":"https:\/\/api.w.org\/{rel}","templated":true}]}}