{"id":2057,"date":"2022-10-24T20:35:56","date_gmt":"2022-10-24T18:35:56","guid":{"rendered":"https:\/\/bycloud.fr\/solutions\/?page_id=2057"},"modified":"2025-12-03T11:28:20","modified_gmt":"2025-12-03T10:28:20","slug":"f-droid","status":"publish","type":"page","link":"https:\/\/bycloud.fr\/solutions\/degooglisons\/f-droid\/","title":{"rendered":"f-droid"},"content":{"rendered":"<p style=\"text-align: justify;\"><a href=\"https:\/\/f-droid.org\/\" target=\"_blank\" rel=\"noopener\">F-Droid<\/a> est un<strong> magasin d&rsquo;application alternatif<\/strong> \u00e0 <a href=\"https:\/\/play.google.com\/\" target=\"_blank\" rel=\"noopener\">GooglePlay<\/a>. Il est consid\u00e9r\u00e9 comme la meilleure alternative au magasin de Google, et pr\u00e9sente des logiciels libres et open-sources dans la grande majorit\u00e9.<\/p>\n<p style=\"text-align: justify;\">Son ic\u00f4ne se pr\u00e9sente ainsi :\u00a0 \u00a0 \u00a0 <img loading=\"lazy\" decoding=\"async\" class=\"size-full wp-image-2058 alignnone\" src=\"https:\/\/bycloud.fr\/solutions\/wp-content\/uploads\/2022\/10\/fdroid.png\" alt=\"\" width=\"32\" height=\"32\" \/><\/p>\n<p style=\"text-align: justify;\">Il faut <strong>l&rsquo;autoriser \u00e0 installer d&rsquo;autres logiciels<\/strong>, d&rsquo;ailleurs, votre t\u00e9l\u00e9phone vous affichera un message d&rsquo;alerte de s\u00e9curit\u00e9, c&rsquo;est fait volontairement pour vous faire peur afin que vous abandonniez l&rsquo;id\u00e9e de devenir libre et ind\u00e9pendant avec vos outils num\u00e9riques !<\/p>\n<p style=\"text-align: justify;\">Je d\u00e9taillerai plus tard sa configuration et son utilisation<\/p>\n<p><img loading=\"lazy\" decoding=\"async\" class=\"aligncenter size-full wp-image-2059\" src=\"https:\/\/bycloud.fr\/solutions\/wp-content\/uploads\/2022\/10\/F-Droid_photo-01.png\" alt=\"\" width=\"720\" height=\"1280\" srcset=\"https:\/\/bycloud.fr\/solutions\/wp-content\/uploads\/2022\/10\/F-Droid_photo-01.png 720w, https:\/\/bycloud.fr\/solutions\/wp-content\/uploads\/2022\/10\/F-Droid_photo-01-169x300.png 169w, https:\/\/bycloud.fr\/solutions\/wp-content\/uploads\/2022\/10\/F-Droid_photo-01-576x1024.png 576w\" sizes=\"auto, (max-width: 599px) calc(100vw - 50px), (max-width: 767px) calc(100vw - 70px), (max-width: 991px) 429px, (max-width: 1199px) 637px, 354px\" \/><\/p>\n","protected":false},"excerpt":{"rendered":"<p>F-Droid est un magasin d&rsquo;application alternatif \u00e0 GooglePlay. Il est consid\u00e9r\u00e9 comme la meilleure alternative au magasin de Google, et pr\u00e9sente des logiciels libres et open-sources dans la grande majorit\u00e9. Son ic\u00f4ne se pr\u00e9sente ainsi :\u00a0 \u00a0 \u00a0 Il faut l&rsquo;autoriser \u00e0 installer d&rsquo;autres logiciels, d&rsquo;ailleurs, votre t\u00e9l\u00e9phone vous affichera un message d&rsquo;alerte de s\u00e9curit\u00e9, &#8230;<\/p>\n<a href=\"https:\/\/bycloud.fr\/solutions\/degooglisons\/f-droid\/\" class=\"read-more-link\">Continue reading <span class=\"screen-reader-text\">\"f-droid\"<\/span> <span class=\"meta-nav\">&rarr;<\/span><\/a>","protected":false},"author":1,"featured_media":0,"parent":188,"menu_order":0,"comment_status":"closed","ping_status":"closed","template":"","meta":{"footnotes":""},"class_list":["post-2057","page","type-page","status-publish","hentry","penguin-post","penguin-post-not-sticky"],"yoast_head":"<!-- This site is optimized with the Yoast SEO plugin v27.4 - https:\/\/yoast.com\/product\/yoast-seo-wordpress\/ -->\n<title>f-droid - bYcloud.fr<\/title>\n<meta name=\"robots\" content=\"index, follow, max-snippet:-1, max-image-preview:large, max-video-preview:-1\" \/>\n<link rel=\"canonical\" href=\"https:\/\/bycloud.fr\/solutions\/degooglisons\/f-droid\/\" \/>\n<meta property=\"og:locale\" content=\"fr_FR\" \/>\n<meta property=\"og:type\" content=\"article\" \/>\n<meta property=\"og:title\" content=\"f-droid - bYcloud.fr\" \/>\n<meta property=\"og:description\" content=\"F-Droid est un magasin d&rsquo;application alternatif \u00e0 GooglePlay. Il est consid\u00e9r\u00e9 comme la meilleure alternative au magasin de Google, et pr\u00e9sente des logiciels libres et open-sources dans la grande majorit\u00e9. Son ic\u00f4ne se pr\u00e9sente ainsi :\u00a0 \u00a0 \u00a0 Il faut l&rsquo;autoriser \u00e0 installer d&rsquo;autres logiciels, d&rsquo;ailleurs, votre t\u00e9l\u00e9phone vous affichera un message d&rsquo;alerte de s\u00e9curit\u00e9, ...\" \/>\n<meta property=\"og:url\" content=\"https:\/\/bycloud.fr\/solutions\/degooglisons\/f-droid\/\" \/>\n<meta property=\"og:site_name\" content=\"bYcloud.fr\" \/>\n<meta property=\"article:modified_time\" content=\"2025-12-03T10:28:20+00:00\" \/>\n<meta property=\"og:image\" content=\"https:\/\/bycloud.fr\/solutions\/wp-content\/uploads\/2022\/10\/fdroid.png\" \/>\n<meta name=\"twitter:card\" content=\"summary_large_image\" \/>\n<meta name=\"twitter:label1\" content=\"Dur\u00e9e de lecture estim\u00e9e\" \/>\n\t<meta name=\"twitter:data1\" content=\"1 minute\" \/>\n<script type=\"application\/ld+json\" class=\"yoast-schema-graph\">{\"@context\":\"https:\\\/\\\/schema.org\",\"@graph\":[{\"@type\":\"WebPage\",\"@id\":\"https:\\\/\\\/bycloud.fr\\\/solutions\\\/degooglisons\\\/f-droid\\\/\",\"url\":\"https:\\\/\\\/bycloud.fr\\\/solutions\\\/degooglisons\\\/f-droid\\\/\",\"name\":\"f-droid - bYcloud.fr\",\"isPartOf\":{\"@id\":\"https:\\\/\\\/bycloud.fr\\\/solutions\\\/#website\"},\"primaryImageOfPage\":{\"@id\":\"https:\\\/\\\/bycloud.fr\\\/solutions\\\/degooglisons\\\/f-droid\\\/#primaryimage\"},\"image\":{\"@id\":\"https:\\\/\\\/bycloud.fr\\\/solutions\\\/degooglisons\\\/f-droid\\\/#primaryimage\"},\"thumbnailUrl\":\"https:\\\/\\\/bycloud.fr\\\/solutions\\\/wp-content\\\/uploads\\\/2022\\\/10\\\/fdroid.png\",\"datePublished\":\"2022-10-24T18:35:56+00:00\",\"dateModified\":\"2025-12-03T10:28:20+00:00\",\"breadcrumb\":{\"@id\":\"https:\\\/\\\/bycloud.fr\\\/solutions\\\/degooglisons\\\/f-droid\\\/#breadcrumb\"},\"inLanguage\":\"fr-FR\",\"potentialAction\":[{\"@type\":\"ReadAction\",\"target\":[\"https:\\\/\\\/bycloud.fr\\\/solutions\\\/degooglisons\\\/f-droid\\\/\"]}]},{\"@type\":\"ImageObject\",\"inLanguage\":\"fr-FR\",\"@id\":\"https:\\\/\\\/bycloud.fr\\\/solutions\\\/degooglisons\\\/f-droid\\\/#primaryimage\",\"url\":\"https:\\\/\\\/bycloud.fr\\\/solutions\\\/wp-content\\\/uploads\\\/2022\\\/10\\\/fdroid.png\",\"contentUrl\":\"https:\\\/\\\/bycloud.fr\\\/solutions\\\/wp-content\\\/uploads\\\/2022\\\/10\\\/fdroid.png\",\"width\":32,\"height\":32},{\"@type\":\"BreadcrumbList\",\"@id\":\"https:\\\/\\\/bycloud.fr\\\/solutions\\\/degooglisons\\\/f-droid\\\/#breadcrumb\",\"itemListElement\":[{\"@type\":\"ListItem\",\"position\":1,\"name\":\"Accueil\",\"item\":\"https:\\\/\\\/bycloud.fr\\\/solutions\\\/\"},{\"@type\":\"ListItem\",\"position\":2,\"name\":\"d\u00e9Googlisons\",\"item\":\"https:\\\/\\\/bycloud.fr\\\/solutions\\\/degooglisons\\\/\"},{\"@type\":\"ListItem\",\"position\":3,\"name\":\"f-droid\"}]},{\"@type\":\"WebSite\",\"@id\":\"https:\\\/\\\/bycloud.fr\\\/solutions\\\/#website\",\"url\":\"https:\\\/\\\/bycloud.fr\\\/solutions\\\/\",\"name\":\"bycloud.fr\",\"description\":\"Vous aimerez partager en toute intimit\u00e9\",\"potentialAction\":[{\"@type\":\"SearchAction\",\"target\":{\"@type\":\"EntryPoint\",\"urlTemplate\":\"https:\\\/\\\/bycloud.fr\\\/solutions\\\/?s={search_term_string}\"},\"query-input\":{\"@type\":\"PropertyValueSpecification\",\"valueRequired\":true,\"valueName\":\"search_term_string\"}}],\"inLanguage\":\"fr-FR\"}]}<\/script>\n<!-- \/ Yoast SEO plugin. -->","yoast_head_json":{"title":"f-droid - bYcloud.fr","robots":{"index":"index","follow":"follow","max-snippet":"max-snippet:-1","max-image-preview":"max-image-preview:large","max-video-preview":"max-video-preview:-1"},"canonical":"https:\/\/bycloud.fr\/solutions\/degooglisons\/f-droid\/","og_locale":"fr_FR","og_type":"article","og_title":"f-droid - bYcloud.fr","og_description":"F-Droid est un magasin d&rsquo;application alternatif \u00e0 GooglePlay. Il est consid\u00e9r\u00e9 comme la meilleure alternative au magasin de Google, et pr\u00e9sente des logiciels libres et open-sources dans la grande majorit\u00e9. Son ic\u00f4ne se pr\u00e9sente ainsi :\u00a0 \u00a0 \u00a0 Il faut l&rsquo;autoriser \u00e0 installer d&rsquo;autres logiciels, d&rsquo;ailleurs, votre t\u00e9l\u00e9phone vous affichera un message d&rsquo;alerte de s\u00e9curit\u00e9, ...","og_url":"https:\/\/bycloud.fr\/solutions\/degooglisons\/f-droid\/","og_site_name":"bYcloud.fr","article_modified_time":"2025-12-03T10:28:20+00:00","og_image":[{"url":"https:\/\/bycloud.fr\/solutions\/wp-content\/uploads\/2022\/10\/fdroid.png","type":"","width":"","height":""}],"twitter_card":"summary_large_image","twitter_misc":{"Dur\u00e9e de lecture estim\u00e9e":"1 minute"},"schema":{"@context":"https:\/\/schema.org","@graph":[{"@type":"WebPage","@id":"https:\/\/bycloud.fr\/solutions\/degooglisons\/f-droid\/","url":"https:\/\/bycloud.fr\/solutions\/degooglisons\/f-droid\/","name":"f-droid - bYcloud.fr","isPartOf":{"@id":"https:\/\/bycloud.fr\/solutions\/#website"},"primaryImageOfPage":{"@id":"https:\/\/bycloud.fr\/solutions\/degooglisons\/f-droid\/#primaryimage"},"image":{"@id":"https:\/\/bycloud.fr\/solutions\/degooglisons\/f-droid\/#primaryimage"},"thumbnailUrl":"https:\/\/bycloud.fr\/solutions\/wp-content\/uploads\/2022\/10\/fdroid.png","datePublished":"2022-10-24T18:35:56+00:00","dateModified":"2025-12-03T10:28:20+00:00","breadcrumb":{"@id":"https:\/\/bycloud.fr\/solutions\/degooglisons\/f-droid\/#breadcrumb"},"inLanguage":"fr-FR","potentialAction":[{"@type":"ReadAction","target":["https:\/\/bycloud.fr\/solutions\/degooglisons\/f-droid\/"]}]},{"@type":"ImageObject","inLanguage":"fr-FR","@id":"https:\/\/bycloud.fr\/solutions\/degooglisons\/f-droid\/#primaryimage","url":"https:\/\/bycloud.fr\/solutions\/wp-content\/uploads\/2022\/10\/fdroid.png","contentUrl":"https:\/\/bycloud.fr\/solutions\/wp-content\/uploads\/2022\/10\/fdroid.png","width":32,"height":32},{"@type":"BreadcrumbList","@id":"https:\/\/bycloud.fr\/solutions\/degooglisons\/f-droid\/#breadcrumb","itemListElement":[{"@type":"ListItem","position":1,"name":"Accueil","item":"https:\/\/bycloud.fr\/solutions\/"},{"@type":"ListItem","position":2,"name":"d\u00e9Googlisons","item":"https:\/\/bycloud.fr\/solutions\/degooglisons\/"},{"@type":"ListItem","position":3,"name":"f-droid"}]},{"@type":"WebSite","@id":"https:\/\/bycloud.fr\/solutions\/#website","url":"https:\/\/bycloud.fr\/solutions\/","name":"bycloud.fr","description":"Vous aimerez partager en toute intimit\u00e9","potentialAction":[{"@type":"SearchAction","target":{"@type":"EntryPoint","urlTemplate":"https:\/\/bycloud.fr\/solutions\/?s={search_term_string}"},"query-input":{"@type":"PropertyValueSpecification","valueRequired":true,"valueName":"search_term_string"}}],"inLanguage":"fr-FR"}]}},"_links":{"self":[{"href":"https:\/\/bycloud.fr\/solutions\/wp-json\/wp\/v2\/pages\/2057","targetHints":{"allow":["GET"]}}],"collection":[{"href":"https:\/\/bycloud.fr\/solutions\/wp-json\/wp\/v2\/pages"}],"about":[{"href":"https:\/\/bycloud.fr\/solutions\/wp-json\/wp\/v2\/types\/page"}],"author":[{"embeddable":true,"href":"https:\/\/bycloud.fr\/solutions\/wp-json\/wp\/v2\/users\/1"}],"replies":[{"embeddable":true,"href":"https:\/\/bycloud.fr\/solutions\/wp-json\/wp\/v2\/comments?post=2057"}],"version-history":[{"count":4,"href":"https:\/\/bycloud.fr\/solutions\/wp-json\/wp\/v2\/pages\/2057\/revisions"}],"predecessor-version":[{"id":2189,"href":"https:\/\/bycloud.fr\/solutions\/wp-json\/wp\/v2\/pages\/2057\/revisions\/2189"}],"up":[{"embeddable":true,"href":"https:\/\/bycloud.fr\/solutions\/wp-json\/wp\/v2\/pages\/188"}],"wp:attachment":[{"href":"https:\/\/bycloud.fr\/solutions\/wp-json\/wp\/v2\/media?parent=2057"}],"curies":[{"name":"wp","href":"https:\/\/api.w.org\/{rel}","templated":true}]}}