{"id":683,"date":"2019-01-15T10:04:44","date_gmt":"2019-01-15T09:04:44","guid":{"rendered":"https:\/\/bycloud.fr\/solutions\/?page_id=683"},"modified":"2021-03-02T23:47:35","modified_gmt":"2021-03-02T22:47:35","slug":"partage","status":"publish","type":"page","link":"https:\/\/bycloud.fr\/solutions\/partage\/","title":{"rendered":"partage"},"content":{"rendered":"\r\n<p style=\"text-align: justify;\">Sur cette page, vous pouvez trouver des liens d&rsquo;\u00e9missions audio et\/ou vid\u00e9o, des adresses de site Web, des documents qui expliquent pourquoi il est important de se pr\u00e9occuper de <strong>garder un Internet <\/strong>et aussi <strong>des esprits libres <\/strong>face \u00e0 tout <strong>pouvoir politique ou industriel.<\/strong> J&rsquo;esp\u00e8re que ces contenus vous aiderons \u00e0 pensez autrement que ce que les m\u00e9dias classiques veulent vous induire.<\/p>\r\n\r\n\r\n\r\n<p style=\"text-align: justify;\"><a href=\"https:\/\/www.thinkerview.com\" target=\"_blank\" rel=\"noreferrer noopener\">Thinkerview.com<\/a> est une cha\u00eene sur Internet ind\u00e9pendante, dont vous pouvez ci-apr\u00e8s quelques enregistrements que je trouve pertinent.<br \/><br \/><\/p>\r\n\r\n\r\n","protected":false},"excerpt":{"rendered":"<p>Sur cette page, vous pouvez trouver des liens d&rsquo;\u00e9missions audio et\/ou vid\u00e9o, des adresses de site Web, des documents qui expliquent pourquoi il est important de se pr\u00e9occuper de garder un Internet et aussi des esprits libres face \u00e0 tout pouvoir politique ou industriel. J&rsquo;esp\u00e8re que ces contenus vous aiderons \u00e0 pensez autrement que ce &#8230;<\/p>\n<a href=\"https:\/\/bycloud.fr\/solutions\/partage\/\" class=\"read-more-link\">Continue reading <span class=\"screen-reader-text\">\"partage\"<\/span> <span class=\"meta-nav\">&rarr;<\/span><\/a>","protected":false},"author":1,"featured_media":0,"parent":0,"menu_order":0,"comment_status":"closed","ping_status":"closed","template":"","meta":{"footnotes":""},"class_list":["post-683","page","type-page","status-publish","hentry","penguin-post","penguin-post-not-sticky"],"yoast_head":"<!-- This site is optimized with the Yoast SEO plugin v27.5 - https:\/\/yoast.com\/product\/yoast-seo-wordpress\/ -->\n<title>partage - bYcloud.fr<\/title>\n<meta name=\"robots\" content=\"index, follow, max-snippet:-1, max-image-preview:large, max-video-preview:-1\" \/>\n<link rel=\"canonical\" href=\"https:\/\/bycloud.fr\/solutions\/partage\/\" \/>\n<meta property=\"og:locale\" content=\"fr_FR\" \/>\n<meta property=\"og:type\" content=\"article\" \/>\n<meta property=\"og:title\" content=\"partage - bYcloud.fr\" \/>\n<meta property=\"og:description\" content=\"Sur cette page, vous pouvez trouver des liens d&rsquo;\u00e9missions audio et\/ou vid\u00e9o, des adresses de site Web, des documents qui expliquent pourquoi il est important de se pr\u00e9occuper de garder un Internet et aussi des esprits libres face \u00e0 tout pouvoir politique ou industriel. J&rsquo;esp\u00e8re que ces contenus vous aiderons \u00e0 pensez autrement que ce ...\" \/>\n<meta property=\"og:url\" content=\"https:\/\/bycloud.fr\/solutions\/partage\/\" \/>\n<meta property=\"og:site_name\" content=\"bYcloud.fr\" \/>\n<meta property=\"article:modified_time\" content=\"2021-03-02T22:47:35+00:00\" \/>\n<meta name=\"twitter:card\" content=\"summary_large_image\" \/>\n<meta name=\"twitter:label1\" content=\"Dur\u00e9e de lecture estim\u00e9e\" \/>\n\t<meta name=\"twitter:data1\" content=\"1 minute\" \/>\n<script type=\"application\/ld+json\" class=\"yoast-schema-graph\">{\"@context\":\"https:\\\/\\\/schema.org\",\"@graph\":[{\"@type\":\"WebPage\",\"@id\":\"https:\\\/\\\/bycloud.fr\\\/solutions\\\/partage\\\/\",\"url\":\"https:\\\/\\\/bycloud.fr\\\/solutions\\\/partage\\\/\",\"name\":\"partage - bYcloud.fr\",\"isPartOf\":{\"@id\":\"https:\\\/\\\/bycloud.fr\\\/solutions\\\/#website\"},\"datePublished\":\"2019-01-15T09:04:44+00:00\",\"dateModified\":\"2021-03-02T22:47:35+00:00\",\"breadcrumb\":{\"@id\":\"https:\\\/\\\/bycloud.fr\\\/solutions\\\/partage\\\/#breadcrumb\"},\"inLanguage\":\"fr-FR\",\"potentialAction\":[{\"@type\":\"ReadAction\",\"target\":[\"https:\\\/\\\/bycloud.fr\\\/solutions\\\/partage\\\/\"]}]},{\"@type\":\"BreadcrumbList\",\"@id\":\"https:\\\/\\\/bycloud.fr\\\/solutions\\\/partage\\\/#breadcrumb\",\"itemListElement\":[{\"@type\":\"ListItem\",\"position\":1,\"name\":\"Accueil\",\"item\":\"https:\\\/\\\/bycloud.fr\\\/solutions\\\/\"},{\"@type\":\"ListItem\",\"position\":2,\"name\":\"partage\"}]},{\"@type\":\"WebSite\",\"@id\":\"https:\\\/\\\/bycloud.fr\\\/solutions\\\/#website\",\"url\":\"https:\\\/\\\/bycloud.fr\\\/solutions\\\/\",\"name\":\"bycloud.fr\",\"description\":\"Vous aimerez partager en toute intimit\u00e9\",\"potentialAction\":[{\"@type\":\"SearchAction\",\"target\":{\"@type\":\"EntryPoint\",\"urlTemplate\":\"https:\\\/\\\/bycloud.fr\\\/solutions\\\/?s={search_term_string}\"},\"query-input\":{\"@type\":\"PropertyValueSpecification\",\"valueRequired\":true,\"valueName\":\"search_term_string\"}}],\"inLanguage\":\"fr-FR\"}]}<\/script>\n<!-- \/ Yoast SEO plugin. -->","yoast_head_json":{"title":"partage - bYcloud.fr","robots":{"index":"index","follow":"follow","max-snippet":"max-snippet:-1","max-image-preview":"max-image-preview:large","max-video-preview":"max-video-preview:-1"},"canonical":"https:\/\/bycloud.fr\/solutions\/partage\/","og_locale":"fr_FR","og_type":"article","og_title":"partage - bYcloud.fr","og_description":"Sur cette page, vous pouvez trouver des liens d&rsquo;\u00e9missions audio et\/ou vid\u00e9o, des adresses de site Web, des documents qui expliquent pourquoi il est important de se pr\u00e9occuper de garder un Internet et aussi des esprits libres face \u00e0 tout pouvoir politique ou industriel. J&rsquo;esp\u00e8re que ces contenus vous aiderons \u00e0 pensez autrement que ce ...","og_url":"https:\/\/bycloud.fr\/solutions\/partage\/","og_site_name":"bYcloud.fr","article_modified_time":"2021-03-02T22:47:35+00:00","twitter_card":"summary_large_image","twitter_misc":{"Dur\u00e9e de lecture estim\u00e9e":"1 minute"},"schema":{"@context":"https:\/\/schema.org","@graph":[{"@type":"WebPage","@id":"https:\/\/bycloud.fr\/solutions\/partage\/","url":"https:\/\/bycloud.fr\/solutions\/partage\/","name":"partage - bYcloud.fr","isPartOf":{"@id":"https:\/\/bycloud.fr\/solutions\/#website"},"datePublished":"2019-01-15T09:04:44+00:00","dateModified":"2021-03-02T22:47:35+00:00","breadcrumb":{"@id":"https:\/\/bycloud.fr\/solutions\/partage\/#breadcrumb"},"inLanguage":"fr-FR","potentialAction":[{"@type":"ReadAction","target":["https:\/\/bycloud.fr\/solutions\/partage\/"]}]},{"@type":"BreadcrumbList","@id":"https:\/\/bycloud.fr\/solutions\/partage\/#breadcrumb","itemListElement":[{"@type":"ListItem","position":1,"name":"Accueil","item":"https:\/\/bycloud.fr\/solutions\/"},{"@type":"ListItem","position":2,"name":"partage"}]},{"@type":"WebSite","@id":"https:\/\/bycloud.fr\/solutions\/#website","url":"https:\/\/bycloud.fr\/solutions\/","name":"bycloud.fr","description":"Vous aimerez partager en toute intimit\u00e9","potentialAction":[{"@type":"SearchAction","target":{"@type":"EntryPoint","urlTemplate":"https:\/\/bycloud.fr\/solutions\/?s={search_term_string}"},"query-input":{"@type":"PropertyValueSpecification","valueRequired":true,"valueName":"search_term_string"}}],"inLanguage":"fr-FR"}]}},"_links":{"self":[{"href":"https:\/\/bycloud.fr\/solutions\/wp-json\/wp\/v2\/pages\/683","targetHints":{"allow":["GET"]}}],"collection":[{"href":"https:\/\/bycloud.fr\/solutions\/wp-json\/wp\/v2\/pages"}],"about":[{"href":"https:\/\/bycloud.fr\/solutions\/wp-json\/wp\/v2\/types\/page"}],"author":[{"embeddable":true,"href":"https:\/\/bycloud.fr\/solutions\/wp-json\/wp\/v2\/users\/1"}],"replies":[{"embeddable":true,"href":"https:\/\/bycloud.fr\/solutions\/wp-json\/wp\/v2\/comments?post=683"}],"version-history":[{"count":5,"href":"https:\/\/bycloud.fr\/solutions\/wp-json\/wp\/v2\/pages\/683\/revisions"}],"predecessor-version":[{"id":1977,"href":"https:\/\/bycloud.fr\/solutions\/wp-json\/wp\/v2\/pages\/683\/revisions\/1977"}],"wp:attachment":[{"href":"https:\/\/bycloud.fr\/solutions\/wp-json\/wp\/v2\/media?parent=683"}],"curies":[{"name":"wp","href":"https:\/\/api.w.org\/{rel}","templated":true}]}}