{"id":693,"date":"2019-01-27T16:16:48","date_gmt":"2019-01-27T15:16:48","guid":{"rendered":"https:\/\/bycloud.fr\/solutions\/?page_id=693"},"modified":"2026-01-17T11:51:07","modified_gmt":"2026-01-17T10:51:07","slug":"philosophie","status":"publish","type":"page","link":"https:\/\/bycloud.fr\/solutions\/philosophie\/","title":{"rendered":"philosophie"},"content":{"rendered":"<p style=\"text-align: justify;\"><strong>bYcloud<\/strong>, vous pr\u00e9sente sur cette page un aper\u00e7u de sa philosophie, de sa politique et des valeurs port\u00e9es par St\u00e9phane.<\/p>\r\n<p style=\"text-align: justify;\">Convaincu que l\u2019\u00e9nergie est un puissant levier, que tout citoyen peut actionner et ainsi montrer l&rsquo;exemple aux politiciens que la transition \u00e9nerg\u00e9tique c&rsquo;est possible et d\u00e8s \u00e0 pr\u00e9sent, bYcloud utilise les \u00e9nergies renouvelables pour faire tourner ses serveurs\/ordinateurs via de l&rsquo;\u00e9lectricit\u00e9 fournit par <a href=\"https:\/\/www.enercoop.fr\/\" target=\"_blank\" rel=\"noopener noreferrer\">Enercoop<\/a> LE fournisseur d&rsquo;\u00e9lectricit\u00e9 renouvelable et engag\u00e9e.<\/p>\r\n<p style=\"text-align: justify;\">Le choix d&rsquo;une \u00e9lectricit\u00e9 renouvelable n&rsquo;est pas suffisant si derri\u00e8re des machines \u00e9nergivores ayant des mauvais rendements font tourner le site bYcloud; aussi le choix de machine \u00e0 basse consommation d&rsquo;\u00e9nergie de type nuc ou <a href=\"http:\/\/www.banana-pi.org\/\" target=\"_blank\" rel=\"noopener noreferrer\">pi<\/a> est une \u00e9vidence.<\/p>\r\n<p style=\"text-align: justify;\">Le transport \u00e9tant aussi un levier important pour luter contre le r\u00e9chauffement climatique, je fais la majorit\u00e9 de mes d\u00e9placements \u00e0 v\u00e9lo <a href=\"https:\/\/www.brompton.com\" target=\"_blank\" rel=\"noopener noreferrer\">Brompton<\/a>, train, BUS et le cas \u00e9ch\u00e9ant via une auto sobre roulant au GPL. Par ailleurs je participe lors que j&rsquo;ai un peu de temps \u00e0 des actions de l&rsquo;association lyonnaise qui promeut la <a href=\"https:\/\/lavilleavelo.org\/\" target=\"_blank\" rel=\"noopener noreferrer\">Ville \u00e0 V\u00e9lo<\/a>.<\/p>\r\n<p style=\"text-align: justify;\">\u00c9tant soci\u00e9taire \u00e0 <a href=\"https:\/\/www.lanef.com\/\" target=\"_blank\" rel=\"noopener noreferrer\">La Nef<\/a>, je suis convaincu que le choix d&rsquo;un placement \u00e9thique de notre argent peut faire changer la face du monde ! Notamment en lutant contre paradis fiscaux qui d\u00e9truisent nos services publics, et les politiques de la dette publique men\u00e9 depuis des d\u00e9cennies par des politiques que je classe d&rsquo;ennemis publics.<\/p>\r\n<p>&nbsp;<\/p>\r\n<p style=\"text-align: center;\">\u00c0 suive quand j&rsquo;aurais du temps \ud83d\ude09<\/p>\r\n\r\n<p>&nbsp;<\/p>\r\n","protected":false},"excerpt":{"rendered":"<p>bYcloud, vous pr\u00e9sente sur cette page un aper\u00e7u de sa philosophie, de sa politique et des valeurs port\u00e9es par St\u00e9phane. Convaincu que l\u2019\u00e9nergie est un puissant levier, que tout citoyen peut actionner et ainsi montrer l&rsquo;exemple aux politiciens que la transition \u00e9nerg\u00e9tique c&rsquo;est possible et d\u00e8s \u00e0 pr\u00e9sent, bYcloud utilise les \u00e9nergies renouvelables pour faire &#8230;<\/p>\n<a href=\"https:\/\/bycloud.fr\/solutions\/philosophie\/\" class=\"read-more-link\">Continue reading <span class=\"screen-reader-text\">\"philosophie\"<\/span> <span class=\"meta-nav\">&rarr;<\/span><\/a>","protected":false},"author":1,"featured_media":0,"parent":0,"menu_order":0,"comment_status":"closed","ping_status":"closed","template":"","meta":{"footnotes":""},"class_list":["post-693","page","type-page","status-publish","hentry","penguin-post","penguin-post-not-sticky"],"yoast_head":"<!-- This site is optimized with the Yoast SEO plugin v27.4 - https:\/\/yoast.com\/product\/yoast-seo-wordpress\/ -->\n<title>philosophie - bYcloud.fr<\/title>\n<meta name=\"description\" content=\"bYcloud, vous pr\u00e9sent sur cette page un aper\u00e7u de sa philosophie, de sa politique et des valeurs port\u00e9es par St\u00e9phane.\" \/>\n<meta name=\"robots\" content=\"index, follow, max-snippet:-1, max-image-preview:large, max-video-preview:-1\" \/>\n<link rel=\"canonical\" href=\"https:\/\/bycloud.fr\/solutions\/philosophie\/\" \/>\n<meta property=\"og:locale\" content=\"fr_FR\" \/>\n<meta property=\"og:type\" content=\"article\" \/>\n<meta property=\"og:title\" content=\"philosophie - bYcloud.fr\" \/>\n<meta property=\"og:description\" content=\"bYcloud, vous pr\u00e9sent sur cette page un aper\u00e7u de sa philosophie, de sa politique et des valeurs port\u00e9es par St\u00e9phane.\" \/>\n<meta property=\"og:url\" content=\"https:\/\/bycloud.fr\/solutions\/philosophie\/\" \/>\n<meta property=\"og:site_name\" content=\"bYcloud.fr\" \/>\n<meta property=\"article:modified_time\" content=\"2026-01-17T10:51:07+00:00\" \/>\n<meta name=\"twitter:card\" content=\"summary_large_image\" \/>\n<meta name=\"twitter:label1\" content=\"Dur\u00e9e de lecture estim\u00e9e\" \/>\n\t<meta name=\"twitter:data1\" content=\"2 minutes\" \/>\n<script type=\"application\/ld+json\" class=\"yoast-schema-graph\">{\"@context\":\"https:\\\/\\\/schema.org\",\"@graph\":[{\"@type\":\"WebPage\",\"@id\":\"https:\\\/\\\/bycloud.fr\\\/solutions\\\/philosophie\\\/\",\"url\":\"https:\\\/\\\/bycloud.fr\\\/solutions\\\/philosophie\\\/\",\"name\":\"philosophie - bYcloud.fr\",\"isPartOf\":{\"@id\":\"https:\\\/\\\/bycloud.fr\\\/solutions\\\/#website\"},\"datePublished\":\"2019-01-27T15:16:48+00:00\",\"dateModified\":\"2026-01-17T10:51:07+00:00\",\"description\":\"bYcloud, vous pr\u00e9sent sur cette page un aper\u00e7u de sa philosophie, de sa politique et des valeurs port\u00e9es par St\u00e9phane.\",\"breadcrumb\":{\"@id\":\"https:\\\/\\\/bycloud.fr\\\/solutions\\\/philosophie\\\/#breadcrumb\"},\"inLanguage\":\"fr-FR\",\"potentialAction\":[{\"@type\":\"ReadAction\",\"target\":[\"https:\\\/\\\/bycloud.fr\\\/solutions\\\/philosophie\\\/\"]}]},{\"@type\":\"BreadcrumbList\",\"@id\":\"https:\\\/\\\/bycloud.fr\\\/solutions\\\/philosophie\\\/#breadcrumb\",\"itemListElement\":[{\"@type\":\"ListItem\",\"position\":1,\"name\":\"Accueil\",\"item\":\"https:\\\/\\\/bycloud.fr\\\/solutions\\\/\"},{\"@type\":\"ListItem\",\"position\":2,\"name\":\"philosophie\"}]},{\"@type\":\"WebSite\",\"@id\":\"https:\\\/\\\/bycloud.fr\\\/solutions\\\/#website\",\"url\":\"https:\\\/\\\/bycloud.fr\\\/solutions\\\/\",\"name\":\"bycloud.fr\",\"description\":\"Vous aimerez partager en toute intimit\u00e9\",\"potentialAction\":[{\"@type\":\"SearchAction\",\"target\":{\"@type\":\"EntryPoint\",\"urlTemplate\":\"https:\\\/\\\/bycloud.fr\\\/solutions\\\/?s={search_term_string}\"},\"query-input\":{\"@type\":\"PropertyValueSpecification\",\"valueRequired\":true,\"valueName\":\"search_term_string\"}}],\"inLanguage\":\"fr-FR\"}]}<\/script>\n<!-- \/ Yoast SEO plugin. -->","yoast_head_json":{"title":"philosophie - bYcloud.fr","description":"bYcloud, vous pr\u00e9sent sur cette page un aper\u00e7u de sa philosophie, de sa politique et des valeurs port\u00e9es par St\u00e9phane.","robots":{"index":"index","follow":"follow","max-snippet":"max-snippet:-1","max-image-preview":"max-image-preview:large","max-video-preview":"max-video-preview:-1"},"canonical":"https:\/\/bycloud.fr\/solutions\/philosophie\/","og_locale":"fr_FR","og_type":"article","og_title":"philosophie - bYcloud.fr","og_description":"bYcloud, vous pr\u00e9sent sur cette page un aper\u00e7u de sa philosophie, de sa politique et des valeurs port\u00e9es par St\u00e9phane.","og_url":"https:\/\/bycloud.fr\/solutions\/philosophie\/","og_site_name":"bYcloud.fr","article_modified_time":"2026-01-17T10:51:07+00:00","twitter_card":"summary_large_image","twitter_misc":{"Dur\u00e9e de lecture estim\u00e9e":"2 minutes"},"schema":{"@context":"https:\/\/schema.org","@graph":[{"@type":"WebPage","@id":"https:\/\/bycloud.fr\/solutions\/philosophie\/","url":"https:\/\/bycloud.fr\/solutions\/philosophie\/","name":"philosophie - bYcloud.fr","isPartOf":{"@id":"https:\/\/bycloud.fr\/solutions\/#website"},"datePublished":"2019-01-27T15:16:48+00:00","dateModified":"2026-01-17T10:51:07+00:00","description":"bYcloud, vous pr\u00e9sent sur cette page un aper\u00e7u de sa philosophie, de sa politique et des valeurs port\u00e9es par St\u00e9phane.","breadcrumb":{"@id":"https:\/\/bycloud.fr\/solutions\/philosophie\/#breadcrumb"},"inLanguage":"fr-FR","potentialAction":[{"@type":"ReadAction","target":["https:\/\/bycloud.fr\/solutions\/philosophie\/"]}]},{"@type":"BreadcrumbList","@id":"https:\/\/bycloud.fr\/solutions\/philosophie\/#breadcrumb","itemListElement":[{"@type":"ListItem","position":1,"name":"Accueil","item":"https:\/\/bycloud.fr\/solutions\/"},{"@type":"ListItem","position":2,"name":"philosophie"}]},{"@type":"WebSite","@id":"https:\/\/bycloud.fr\/solutions\/#website","url":"https:\/\/bycloud.fr\/solutions\/","name":"bycloud.fr","description":"Vous aimerez partager en toute intimit\u00e9","potentialAction":[{"@type":"SearchAction","target":{"@type":"EntryPoint","urlTemplate":"https:\/\/bycloud.fr\/solutions\/?s={search_term_string}"},"query-input":{"@type":"PropertyValueSpecification","valueRequired":true,"valueName":"search_term_string"}}],"inLanguage":"fr-FR"}]}},"_links":{"self":[{"href":"https:\/\/bycloud.fr\/solutions\/wp-json\/wp\/v2\/pages\/693","targetHints":{"allow":["GET"]}}],"collection":[{"href":"https:\/\/bycloud.fr\/solutions\/wp-json\/wp\/v2\/pages"}],"about":[{"href":"https:\/\/bycloud.fr\/solutions\/wp-json\/wp\/v2\/types\/page"}],"author":[{"embeddable":true,"href":"https:\/\/bycloud.fr\/solutions\/wp-json\/wp\/v2\/users\/1"}],"replies":[{"embeddable":true,"href":"https:\/\/bycloud.fr\/solutions\/wp-json\/wp\/v2\/comments?post=693"}],"version-history":[{"count":16,"href":"https:\/\/bycloud.fr\/solutions\/wp-json\/wp\/v2\/pages\/693\/revisions"}],"predecessor-version":[{"id":2229,"href":"https:\/\/bycloud.fr\/solutions\/wp-json\/wp\/v2\/pages\/693\/revisions\/2229"}],"wp:attachment":[{"href":"https:\/\/bycloud.fr\/solutions\/wp-json\/wp\/v2\/media?parent=693"}],"curies":[{"name":"wp","href":"https:\/\/api.w.org\/{rel}","templated":true}]}}